{"id":9917,"date":"2023-03-20T10:34:51","date_gmt":"2023-03-20T14:34:51","guid":{"rendered":"https:\/\/foxmind.com\/?post_type=product&#038;p=9917"},"modified":"2026-04-16T11:03:02","modified_gmt":"2026-04-16T15:03:02","slug":"bouquin-malin","status":"publish","type":"product","link":"https:\/\/foxmind.com\/fr\/produit\/bouquin-malin\/","title":{"rendered":"Bouquin Malin"},"content":{"rendered":"<p>Placez vos livres en \u00e9quilibre! Assemblez la plus belle biblioth\u00e8que pour votre ami poilu et \u00e9levez votre perception visuelle au niveau sup\u00e9rieur! Accomplissez 40 d\u00e9fis et empilez jusqu\u2019\u00e0 12 livres diff\u00e9rents.<\/p>\n","protected":false},"excerpt":{"rendered":"<p>Placez vos livres en \u00e9quilibre! Assemblez la plus belle biblioth\u00e8que pour votre ami poilu et \u00e9levez votre perception visuelle au niveau sup\u00e9rieur! Accomplissez 40 d\u00e9fis et empilez jusqu\u2019\u00e0 12 livres diff\u00e9rents.<\/p>\n","protected":false},"featured_media":8003,"template":"","meta":{"_acf_changed":false,"wds_primary_product_brand":0,"wds_primary_product_cat":0,"wds_primary_product_abilities":0,"wds_primary_product_types":0},"product_brand":[],"product_cat":[111],"product_tag":[123,121],"product_abilities":[136,138,139],"product_types":[151],"class_list":{"0":"post-9917","1":"product","2":"type-product","3":"status-publish","4":"has-post-thumbnail","6":"product_cat-non-classifiee","7":"product_tag-top-pick","8":"product_tag-new","9":"product_abilities-mathematique","10":"product_abilities-observation-fr","11":"product_abilities-raisonnement-logique","12":"product_types-strategie","14":"first","15":"instock","16":"taxable","17":"shipping-taxable","18":"purchasable","19":"product-type-simple"},"acf":[],"_links":{"self":[{"href":"https:\/\/foxmind.com\/fr\/wp-json\/wp\/v2\/product\/9917","targetHints":{"allow":["GET"]}}],"collection":[{"href":"https:\/\/foxmind.com\/fr\/wp-json\/wp\/v2\/product"}],"about":[{"href":"https:\/\/foxmind.com\/fr\/wp-json\/wp\/v2\/types\/product"}],"wp:featuredmedia":[{"embeddable":true,"href":"https:\/\/foxmind.com\/fr\/wp-json\/wp\/v2\/media\/8003"}],"wp:attachment":[{"href":"https:\/\/foxmind.com\/fr\/wp-json\/wp\/v2\/media?parent=9917"}],"wp:term":[{"taxonomy":"product_brand","embeddable":true,"href":"https:\/\/foxmind.com\/fr\/wp-json\/wp\/v2\/product_brand?post=9917"},{"taxonomy":"product_cat","embeddable":true,"href":"https:\/\/foxmind.com\/fr\/wp-json\/wp\/v2\/product_cat?post=9917"},{"taxonomy":"product_tag","embeddable":true,"href":"https:\/\/foxmind.com\/fr\/wp-json\/wp\/v2\/product_tag?post=9917"},{"taxonomy":"product_abilities","embeddable":true,"href":"https:\/\/foxmind.com\/fr\/wp-json\/wp\/v2\/product_abilities?post=9917"},{"taxonomy":"product_types","embeddable":true,"href":"https:\/\/foxmind.com\/fr\/wp-json\/wp\/v2\/product_types?post=9917"}],"curies":[{"name":"wp","href":"https:\/\/api.w.org\/{rel}","templated":true}]}}