{"id":9225,"date":"2023-03-20T10:59:11","date_gmt":"2023-03-20T14:59:11","guid":{"rendered":"https:\/\/foxmind.com\/product\/pantolino\/"},"modified":"2024-09-20T13:41:31","modified_gmt":"2024-09-20T17:41:31","slug":"pantolino","status":"publish","type":"product","link":"https:\/\/foxmind.com\/fr\/produit\/pantolino\/","title":{"rendered":"Pantolino"},"content":{"rendered":"<p>Lancez les d\u00e9s et essayez de r\u00e9cup\u00e9rer un maximum de chaussures de la m\u00eame couleur pour constituer votre mille-pattes. Lancez les d\u00e9s jusqu\u2019\u00e0 3 fois, s\u00e9lectionnez ceux que vous voulez garder et gagnez un maximum de chaussures! Le joueur avec le plus long mille-pattes gagne la partie!<\/p>\n","protected":false},"excerpt":{"rendered":"<p>Le joueur avec le plus long mille-pattes gagne la partie!<\/p>\n","protected":false},"featured_media":8250,"template":"","meta":{"_acf_changed":false,"wds_primary_product_brand":0,"wds_primary_product_cat":0,"wds_primary_product_abilities":0,"wds_primary_product_types":0},"product_brand":[],"product_cat":[157],"product_tag":[],"product_abilities":[135,138,139],"product_types":[149,148],"class_list":{"0":"post-9225","1":"product","2":"type-product","3":"status-publish","4":"has-post-thumbnail","6":"product_cat-children-2","7":"product_abilities-interaction-sociale","8":"product_abilities-observation-fr","9":"product_abilities-raisonnement-logique","10":"product_types-enfants","11":"product_types-famille","13":"first","14":"instock","15":"taxable","16":"shipping-taxable","17":"purchasable","18":"product-type-simple"},"acf":[],"_links":{"self":[{"href":"https:\/\/foxmind.com\/fr\/wp-json\/wp\/v2\/product\/9225","targetHints":{"allow":["GET"]}}],"collection":[{"href":"https:\/\/foxmind.com\/fr\/wp-json\/wp\/v2\/product"}],"about":[{"href":"https:\/\/foxmind.com\/fr\/wp-json\/wp\/v2\/types\/product"}],"wp:featuredmedia":[{"embeddable":true,"href":"https:\/\/foxmind.com\/fr\/wp-json\/wp\/v2\/media\/8250"}],"wp:attachment":[{"href":"https:\/\/foxmind.com\/fr\/wp-json\/wp\/v2\/media?parent=9225"}],"wp:term":[{"taxonomy":"product_brand","embeddable":true,"href":"https:\/\/foxmind.com\/fr\/wp-json\/wp\/v2\/product_brand?post=9225"},{"taxonomy":"product_cat","embeddable":true,"href":"https:\/\/foxmind.com\/fr\/wp-json\/wp\/v2\/product_cat?post=9225"},{"taxonomy":"product_tag","embeddable":true,"href":"https:\/\/foxmind.com\/fr\/wp-json\/wp\/v2\/product_tag?post=9225"},{"taxonomy":"product_abilities","embeddable":true,"href":"https:\/\/foxmind.com\/fr\/wp-json\/wp\/v2\/product_abilities?post=9225"},{"taxonomy":"product_types","embeddable":true,"href":"https:\/\/foxmind.com\/fr\/wp-json\/wp\/v2\/product_types?post=9225"}],"curies":[{"name":"wp","href":"https:\/\/api.w.org\/{rel}","templated":true}]}}