{"id":9221,"date":"2023-03-20T10:52:38","date_gmt":"2023-03-20T14:58:46","guid":{"rendered":"https:\/\/foxmind.com\/product\/memo-rush\/"},"modified":"2024-09-20T13:50:20","modified_gmt":"2024-09-20T17:50:20","slug":"memo-rush","status":"publish","type":"product","link":"https:\/\/foxmind.com\/fr\/produit\/memo-rush\/","title":{"rendered":"Memo Rush"},"content":{"rendered":"<p>M\u00e9morise rapidement les bons personnages dans ce jeu plein d\u2019\u00e9motions! Les joueurs pointent simultan\u00e9ment les cartes correspondant \u00e0 un certain personnage ou bien \u00e0 l\u2019une des 6 \u00e9motions du jeu. Am\u00e9liore ta perception visuelle, ta m\u00e9moire et ta reconnaissance \u00e9motionnelle avec M\u00e9mo Rush.<\/p>\n","protected":false},"excerpt":{"rendered":"<p>La m\u00e9moire des \u00e9motions!<\/p>\n","protected":false},"featured_media":9689,"template":"","meta":{"_acf_changed":false,"wds_primary_product_brand":0,"wds_primary_product_cat":0,"wds_primary_product_abilities":0,"wds_primary_product_types":0},"product_brand":[],"product_cat":[111],"product_tag":[123,121],"product_abilities":[135,137,138],"product_types":[149,148],"class_list":{"0":"post-9221","1":"product","2":"type-product","3":"status-publish","4":"has-post-thumbnail","6":"product_cat-non-classifiee","7":"product_tag-top-pick","8":"product_tag-new","9":"product_abilities-interaction-sociale","10":"product_abilities-memoire","11":"product_abilities-observation-fr","12":"product_types-enfants","13":"product_types-famille","15":"first","16":"instock","17":"taxable","18":"shipping-taxable","19":"purchasable","20":"product-type-simple"},"acf":[],"_links":{"self":[{"href":"https:\/\/foxmind.com\/fr\/wp-json\/wp\/v2\/product\/9221","targetHints":{"allow":["GET"]}}],"collection":[{"href":"https:\/\/foxmind.com\/fr\/wp-json\/wp\/v2\/product"}],"about":[{"href":"https:\/\/foxmind.com\/fr\/wp-json\/wp\/v2\/types\/product"}],"wp:featuredmedia":[{"embeddable":true,"href":"https:\/\/foxmind.com\/fr\/wp-json\/wp\/v2\/media\/9689"}],"wp:attachment":[{"href":"https:\/\/foxmind.com\/fr\/wp-json\/wp\/v2\/media?parent=9221"}],"wp:term":[{"taxonomy":"product_brand","embeddable":true,"href":"https:\/\/foxmind.com\/fr\/wp-json\/wp\/v2\/product_brand?post=9221"},{"taxonomy":"product_cat","embeddable":true,"href":"https:\/\/foxmind.com\/fr\/wp-json\/wp\/v2\/product_cat?post=9221"},{"taxonomy":"product_tag","embeddable":true,"href":"https:\/\/foxmind.com\/fr\/wp-json\/wp\/v2\/product_tag?post=9221"},{"taxonomy":"product_abilities","embeddable":true,"href":"https:\/\/foxmind.com\/fr\/wp-json\/wp\/v2\/product_abilities?post=9221"},{"taxonomy":"product_types","embeddable":true,"href":"https:\/\/foxmind.com\/fr\/wp-json\/wp\/v2\/product_types?post=9221"}],"curies":[{"name":"wp","href":"https:\/\/api.w.org\/{rel}","templated":true}]}}