{"id":9219,"date":"2023-03-20T10:52:38","date_gmt":"2023-03-20T14:52:38","guid":{"rendered":"https:\/\/foxmind.com\/product\/jungle-speed-eco-pack\/"},"modified":"2026-04-16T13:23:35","modified_gmt":"2026-04-16T17:23:35","slug":"jungle-speed-eco-pack","status":"publish","type":"product","link":"https:\/\/foxmind.com\/fr\/produit\/jungle-speed-eco-pack\/","title":{"rendered":"Jungle Speed Eco Pack"},"content":{"rendered":"<p>Avez-vous de bons r\u00e9flexes et un bon sens de l\u2019observation? Jungle Speed est le jeu id\u00e9al pour le tester! Un totem est plac\u00e9 au centre de la table et chacun a une pile de cartes dont il doit se d\u00e9barrasser pour gagner. Les uns apr\u00e8s les autres, les joueurs retournent face visible une de leurs cartes. D\u00e8s que les deux cartes aux symboles identiques sont visibles sur la table, les deux joueurs qui les poss\u00e8dent entrent en duel. Le premier des deux \u00e0 attraper le totem donne ses cartes \u00e0 son adversaire. Et ainsi va le jeu! Parfait pour vos soir\u00e9es entre amis vos partys de famille et pour combattre l\u2019ennui, peu importe o\u00f9 vous vous trouvez.<\/p>\n","protected":false},"excerpt":{"rendered":"<p>Un jeu saisissant!<\/p>\n","protected":false},"featured_media":12639,"template":"","meta":{"_acf_changed":false,"wds_primary_product_brand":0,"wds_primary_product_cat":0,"wds_primary_product_abilities":0,"wds_primary_product_types":0},"product_brand":[],"product_cat":[111],"product_tag":[155],"product_abilities":[135,138,140],"product_types":[148,153],"class_list":{"0":"post-9219","1":"product","2":"type-product","3":"status-publish","4":"has-post-thumbnail","6":"product_cat-non-classifiee","7":"product_tag-new-box","8":"product_abilities-interaction-sociale","9":"product_abilities-observation-fr","10":"product_abilities-vitesse","11":"product_types-famille","12":"product_types-party-fr","14":"first","15":"instock","16":"taxable","17":"shipping-taxable","18":"purchasable","19":"product-type-simple"},"acf":[],"_links":{"self":[{"href":"https:\/\/foxmind.com\/fr\/wp-json\/wp\/v2\/product\/9219","targetHints":{"allow":["GET"]}}],"collection":[{"href":"https:\/\/foxmind.com\/fr\/wp-json\/wp\/v2\/product"}],"about":[{"href":"https:\/\/foxmind.com\/fr\/wp-json\/wp\/v2\/types\/product"}],"wp:featuredmedia":[{"embeddable":true,"href":"https:\/\/foxmind.com\/fr\/wp-json\/wp\/v2\/media\/12639"}],"wp:attachment":[{"href":"https:\/\/foxmind.com\/fr\/wp-json\/wp\/v2\/media?parent=9219"}],"wp:term":[{"taxonomy":"product_brand","embeddable":true,"href":"https:\/\/foxmind.com\/fr\/wp-json\/wp\/v2\/product_brand?post=9219"},{"taxonomy":"product_cat","embeddable":true,"href":"https:\/\/foxmind.com\/fr\/wp-json\/wp\/v2\/product_cat?post=9219"},{"taxonomy":"product_tag","embeddable":true,"href":"https:\/\/foxmind.com\/fr\/wp-json\/wp\/v2\/product_tag?post=9219"},{"taxonomy":"product_abilities","embeddable":true,"href":"https:\/\/foxmind.com\/fr\/wp-json\/wp\/v2\/product_abilities?post=9219"},{"taxonomy":"product_types","embeddable":true,"href":"https:\/\/foxmind.com\/fr\/wp-json\/wp\/v2\/product_types?post=9219"}],"curies":[{"name":"wp","href":"https:\/\/api.w.org\/{rel}","templated":true}]}}