{"id":9217,"date":"2023-03-20T10:52:38","date_gmt":"2023-03-20T14:58:46","guid":{"rendered":"https:\/\/foxmind.com\/product\/hansel-gretel\/"},"modified":"2024-09-20T13:48:47","modified_gmt":"2024-09-20T17:48:47","slug":"hansel-gretel","status":"publish","type":"product","link":"https:\/\/foxmind.com\/fr\/produit\/hansel-gretel\/","title":{"rendered":"Hansel &#038; Gretel"},"content":{"rendered":"<p>Perdus au beau milieu d\u2019une sinistre for\u00eat, Hansel et Gretel essaient de retrouver leur chemin vers la maison. Ils ont tellement march\u00e9 longtemps que leur ventre commence \u00e0 gargouiller. Soudain, une \u00e9trange cabane faite en sucreries appara\u00eet devant eux. Alors qu\u2019ils s\u2019empiffrent de bonbons, l\u2019affreuse Baba Yaga les surprend: \u00ab Ah, vilains! Je vais vous attraper! \u00bb crie-t-elle. Hansel et Gretel s\u2019empressent de d\u00e9guerpir, mais continuent de voler des petits morceaux de la d\u00e9licieuse cabane en chemin. Aidez les enfants \u00e0 r\u00e9cup\u00e9rer des bonbons, mais ne vous faites pas surprendre par la d\u00e9testable Baba Yaga!<\/p>\n","protected":false},"excerpt":{"rendered":"<p>Aide les deux enfants \u00e0 manger le plus de bonbons et \u00e0 fuir l&#8217;emprise de la m\u00e9chante sorci\u00e8re pour gagner!<\/p>\n","protected":false},"featured_media":7928,"template":"","meta":{"_acf_changed":false,"wds_primary_product_brand":0,"wds_primary_product_cat":0,"wds_primary_product_abilities":0,"wds_primary_product_types":0},"product_brand":[],"product_cat":[111],"product_tag":[123,121],"product_abilities":[136,138,139],"product_types":[149,148,151],"class_list":{"0":"post-9217","1":"product","2":"type-product","3":"status-publish","4":"has-post-thumbnail","6":"product_cat-non-classifiee","7":"product_tag-top-pick","8":"product_tag-new","9":"product_abilities-mathematique","10":"product_abilities-observation-fr","11":"product_abilities-raisonnement-logique","12":"product_types-enfants","13":"product_types-famille","14":"product_types-strategie","16":"first","17":"instock","18":"taxable","19":"shipping-taxable","20":"purchasable","21":"product-type-simple"},"acf":[],"_links":{"self":[{"href":"https:\/\/foxmind.com\/fr\/wp-json\/wp\/v2\/product\/9217","targetHints":{"allow":["GET"]}}],"collection":[{"href":"https:\/\/foxmind.com\/fr\/wp-json\/wp\/v2\/product"}],"about":[{"href":"https:\/\/foxmind.com\/fr\/wp-json\/wp\/v2\/types\/product"}],"wp:featuredmedia":[{"embeddable":true,"href":"https:\/\/foxmind.com\/fr\/wp-json\/wp\/v2\/media\/7928"}],"wp:attachment":[{"href":"https:\/\/foxmind.com\/fr\/wp-json\/wp\/v2\/media?parent=9217"}],"wp:term":[{"taxonomy":"product_brand","embeddable":true,"href":"https:\/\/foxmind.com\/fr\/wp-json\/wp\/v2\/product_brand?post=9217"},{"taxonomy":"product_cat","embeddable":true,"href":"https:\/\/foxmind.com\/fr\/wp-json\/wp\/v2\/product_cat?post=9217"},{"taxonomy":"product_tag","embeddable":true,"href":"https:\/\/foxmind.com\/fr\/wp-json\/wp\/v2\/product_tag?post=9217"},{"taxonomy":"product_abilities","embeddable":true,"href":"https:\/\/foxmind.com\/fr\/wp-json\/wp\/v2\/product_abilities?post=9217"},{"taxonomy":"product_types","embeddable":true,"href":"https:\/\/foxmind.com\/fr\/wp-json\/wp\/v2\/product_types?post=9217"}],"curies":[{"name":"wp","href":"https:\/\/api.w.org\/{rel}","templated":true}]}}