{"id":9216,"date":"2023-03-20T10:52:38","date_gmt":"2023-03-20T14:58:46","guid":{"rendered":"https:\/\/foxmind.com\/product\/lhistoire-de-cendrillon\/"},"modified":"2024-09-20T13:48:14","modified_gmt":"2024-09-20T17:48:14","slug":"lhistoire-de-cendrillon","status":"publish","type":"product","link":"https:\/\/foxmind.com\/fr\/produit\/lhistoire-de-cendrillon\/","title":{"rendered":"L&rsquo;histoire de Cendrillon"},"content":{"rendered":"<p>Pauvre Cendrillon\u2026 Alors qu\u2019elle regarde ses m\u00e9chantes belles-soeurs accompagn\u00e9es de sa belle-m\u00e8re se diriger au grand bal donn\u00e9 par le prince, elle commence \u00e0 sangloter. Tout \u00e0 coup, Sa f\u00e9e marraine lui appara\u00eet : \u00ab Je connais ton plus grand souhait et je suis ici pour le r\u00e9aliser. \u00bb, lui murmure la f\u00e9e marraine. Fais partie de cette histoire incroyable en aidant Cendrillon et la f\u00e9e marraine \u00e0 rassembler tous les items et les personnages avant que l\u2019horloge ne sonne minuit.<\/p>\n","protected":false},"excerpt":{"rendered":"<p>Aide Cendrillon \u00e0 se pr\u00e9parer pour le grand bal organis\u00e9 par le prince!<\/p>\n","protected":false},"featured_media":7914,"template":"","meta":{"_acf_changed":false,"wds_primary_product_brand":0,"wds_primary_product_cat":0,"wds_primary_product_abilities":0,"wds_primary_product_types":0},"product_brand":[],"product_cat":[111],"product_tag":[123,121],"product_abilities":[135,137,138],"product_types":[149,148],"class_list":{"0":"post-9216","1":"product","2":"type-product","3":"status-publish","4":"has-post-thumbnail","6":"product_cat-non-classifiee","7":"product_tag-top-pick","8":"product_tag-new","9":"product_abilities-interaction-sociale","10":"product_abilities-memoire","11":"product_abilities-observation-fr","12":"product_types-enfants","13":"product_types-famille","15":"first","16":"instock","17":"taxable","18":"shipping-taxable","19":"purchasable","20":"product-type-simple"},"acf":[],"_links":{"self":[{"href":"https:\/\/foxmind.com\/fr\/wp-json\/wp\/v2\/product\/9216","targetHints":{"allow":["GET"]}}],"collection":[{"href":"https:\/\/foxmind.com\/fr\/wp-json\/wp\/v2\/product"}],"about":[{"href":"https:\/\/foxmind.com\/fr\/wp-json\/wp\/v2\/types\/product"}],"wp:featuredmedia":[{"embeddable":true,"href":"https:\/\/foxmind.com\/fr\/wp-json\/wp\/v2\/media\/7914"}],"wp:attachment":[{"href":"https:\/\/foxmind.com\/fr\/wp-json\/wp\/v2\/media?parent=9216"}],"wp:term":[{"taxonomy":"product_brand","embeddable":true,"href":"https:\/\/foxmind.com\/fr\/wp-json\/wp\/v2\/product_brand?post=9216"},{"taxonomy":"product_cat","embeddable":true,"href":"https:\/\/foxmind.com\/fr\/wp-json\/wp\/v2\/product_cat?post=9216"},{"taxonomy":"product_tag","embeddable":true,"href":"https:\/\/foxmind.com\/fr\/wp-json\/wp\/v2\/product_tag?post=9216"},{"taxonomy":"product_abilities","embeddable":true,"href":"https:\/\/foxmind.com\/fr\/wp-json\/wp\/v2\/product_abilities?post=9216"},{"taxonomy":"product_types","embeddable":true,"href":"https:\/\/foxmind.com\/fr\/wp-json\/wp\/v2\/product_types?post=9216"}],"curies":[{"name":"wp","href":"https:\/\/api.w.org\/{rel}","templated":true}]}}