{"id":9215,"date":"2023-03-20T10:52:00","date_gmt":"2023-03-20T14:58:46","guid":{"rendered":"https:\/\/foxmind.com\/product\/la-course-des-herissons\/"},"modified":"2025-02-11T12:16:21","modified_gmt":"2025-02-11T17:16:21","slug":"la-course-des-herissons","status":"publish","type":"product","link":"https:\/\/foxmind.com\/fr\/produit\/la-course-des-herissons\/","title":{"rendered":"La course des h\u00e9rissons!"},"content":{"rendered":"<p>La course est lanc\u00e9e! Les participants jouent des cartes pour faire avancer les h\u00e9rissons. Lorsqu\u2019un h\u00e9risson franchit la ligne d\u2019arriv\u00e9e, la course prend fin et les joueurs marquent des points avec les cartes restantes en leur possession. Les joueurs doivent \u00e0 la fois jouer des cartes qui feront leur h\u00e9risson favori avancer tout en conservant leurs meilleures cartes pour maximiser leurs points. Quelle sera votre strat\u00e9gie?<\/p>\n","protected":false},"excerpt":{"rendered":"<p>Courez petites h\u00e9rissons! Joue et atteins la ligne d&rsquo;arriv\u00e9e en premier. Planifie ton jeu pour d\u00e9passer tes amis.<\/p>\n","protected":false},"featured_media":7872,"template":"","meta":{"_acf_changed":false,"wds_primary_product_brand":0,"wds_primary_product_cat":0,"wds_primary_product_abilities":0,"wds_primary_product_types":0},"product_brand":[],"product_cat":[111],"product_tag":[123,121],"product_abilities":[136,139],"product_types":[149,148,151],"class_list":{"0":"post-9215","1":"product","2":"type-product","3":"status-publish","4":"has-post-thumbnail","6":"product_cat-non-classifiee","7":"product_tag-top-pick","8":"product_tag-new","9":"product_abilities-mathematique","10":"product_abilities-raisonnement-logique","11":"product_types-enfants","12":"product_types-famille","13":"product_types-strategie","15":"first","16":"instock","17":"taxable","18":"shipping-taxable","19":"purchasable","20":"product-type-simple"},"acf":[],"_links":{"self":[{"href":"https:\/\/foxmind.com\/fr\/wp-json\/wp\/v2\/product\/9215","targetHints":{"allow":["GET"]}}],"collection":[{"href":"https:\/\/foxmind.com\/fr\/wp-json\/wp\/v2\/product"}],"about":[{"href":"https:\/\/foxmind.com\/fr\/wp-json\/wp\/v2\/types\/product"}],"wp:featuredmedia":[{"embeddable":true,"href":"https:\/\/foxmind.com\/fr\/wp-json\/wp\/v2\/media\/7872"}],"wp:attachment":[{"href":"https:\/\/foxmind.com\/fr\/wp-json\/wp\/v2\/media?parent=9215"}],"wp:term":[{"taxonomy":"product_brand","embeddable":true,"href":"https:\/\/foxmind.com\/fr\/wp-json\/wp\/v2\/product_brand?post=9215"},{"taxonomy":"product_cat","embeddable":true,"href":"https:\/\/foxmind.com\/fr\/wp-json\/wp\/v2\/product_cat?post=9215"},{"taxonomy":"product_tag","embeddable":true,"href":"https:\/\/foxmind.com\/fr\/wp-json\/wp\/v2\/product_tag?post=9215"},{"taxonomy":"product_abilities","embeddable":true,"href":"https:\/\/foxmind.com\/fr\/wp-json\/wp\/v2\/product_abilities?post=9215"},{"taxonomy":"product_types","embeddable":true,"href":"https:\/\/foxmind.com\/fr\/wp-json\/wp\/v2\/product_types?post=9215"}],"curies":[{"name":"wp","href":"https:\/\/api.w.org\/{rel}","templated":true}]}}