{"id":9213,"date":"2023-03-20T10:58:46","date_gmt":"2023-03-20T14:58:46","guid":{"rendered":"https:\/\/foxmind.com\/product\/city-chase\/"},"modified":"2024-09-20T13:43:50","modified_gmt":"2024-09-20T17:43:50","slug":"city-chase","status":"publish","type":"product","link":"https:\/\/foxmind.com\/fr\/produit\/city-chase\/","title":{"rendered":"City Chase"},"content":{"rendered":"<p class=\"p2\">Les policiers remportent la partie s\u2019ils trouvent le voleur avant le 12\u00e8me tour.<span class=\"Apple-converted-space\">\u00a0<\/span>\u00c0 chaque tour, le voleur va d\u00e9placer secr\u00e8tement sa voiture d\u2019un b\u00e2timent vers un autre, adjacent, et laisser des traces sur son passage. Chaque policier peut soit se d\u00e9placer, soit chercher des indices. Si le voleur n\u2019a pas \u00e9t\u00e9 d\u00e9masqu\u00e9 au 12\u00e8me tour, c\u2019est lui seul qui remporte la partie !<span class=\"Apple-converted-space\">\u00a0<\/span><\/p>\n","protected":false},"excerpt":{"rendered":"<p>Les policiers remportent la partie s&rsquo;ils trouvent le voleur avant le 12\u00e8me tour!<\/p>\n","protected":false},"featured_media":7949,"template":"","meta":{"_acf_changed":false,"wds_primary_product_brand":0,"wds_primary_product_cat":0,"wds_primary_product_abilities":0,"wds_primary_product_types":0},"product_brand":[],"product_cat":[158],"product_tag":[121],"product_abilities":[137,139],"product_types":[148,151],"class_list":{"0":"post-9213","1":"product","2":"type-product","3":"status-publish","4":"has-post-thumbnail","6":"product_cat-strategy","7":"product_tag-new","8":"product_abilities-memoire","9":"product_abilities-raisonnement-logique","10":"product_types-famille","11":"product_types-strategie","13":"first","14":"instock","15":"taxable","16":"shipping-taxable","17":"purchasable","18":"product-type-simple"},"acf":[],"_links":{"self":[{"href":"https:\/\/foxmind.com\/fr\/wp-json\/wp\/v2\/product\/9213","targetHints":{"allow":["GET"]}}],"collection":[{"href":"https:\/\/foxmind.com\/fr\/wp-json\/wp\/v2\/product"}],"about":[{"href":"https:\/\/foxmind.com\/fr\/wp-json\/wp\/v2\/types\/product"}],"wp:featuredmedia":[{"embeddable":true,"href":"https:\/\/foxmind.com\/fr\/wp-json\/wp\/v2\/media\/7949"}],"wp:attachment":[{"href":"https:\/\/foxmind.com\/fr\/wp-json\/wp\/v2\/media?parent=9213"}],"wp:term":[{"taxonomy":"product_brand","embeddable":true,"href":"https:\/\/foxmind.com\/fr\/wp-json\/wp\/v2\/product_brand?post=9213"},{"taxonomy":"product_cat","embeddable":true,"href":"https:\/\/foxmind.com\/fr\/wp-json\/wp\/v2\/product_cat?post=9213"},{"taxonomy":"product_tag","embeddable":true,"href":"https:\/\/foxmind.com\/fr\/wp-json\/wp\/v2\/product_tag?post=9213"},{"taxonomy":"product_abilities","embeddable":true,"href":"https:\/\/foxmind.com\/fr\/wp-json\/wp\/v2\/product_abilities?post=9213"},{"taxonomy":"product_types","embeddable":true,"href":"https:\/\/foxmind.com\/fr\/wp-json\/wp\/v2\/product_types?post=9213"}],"curies":[{"name":"wp","href":"https:\/\/api.w.org\/{rel}","templated":true}]}}