{"id":9212,"date":"2023-03-20T10:52:00","date_gmt":"2023-03-20T14:52:00","guid":{"rendered":"https:\/\/foxmind.com\/product\/jungle-speed-collector\/"},"modified":"2026-03-09T14:01:41","modified_gmt":"2026-03-09T18:01:41","slug":"jungle-speed-collector","status":"publish","type":"product","link":"https:\/\/foxmind.com\/fr\/produit\/jungle-speed-collector\/","title":{"rendered":"Jungle Speed Collector"},"content":{"rendered":"<p class=\"p2\">Retrouve ton c\u00e9l\u00e8bre jeu d\u2019observation et de r\u00e9flexes dans une \u00e9dition fournie avec de nouveaux symboles et plus de 170 cartes. Bois certifi\u00e9 FSC et sac en coton bio.<span class=\"Apple-converted-space\">\u00a0<\/span>Un totem est plac\u00e9 au centre de la table et chacun a une pile de cartes dont il doit se d\u00e9barrasser pour gagner. Les uns apr\u00e8s les autres, les joueurs retournent face visible une de leurs cartes. D\u00e8s que deux cartes aux symboles identiques sont visibles sur la table, les deux joueurs qui les poss\u00e8dent entrent en duel. Le premier des deux \u00e0 attraper le totem donne ses cartes \u00e0 son adversaire. Et ainsi va le jeu!<span class=\"Apple-converted-space\">\u00a0<\/span><\/p>\n","protected":false},"excerpt":{"rendered":"<p>Retrouve ton c\u00e9l\u00e8bre jeu d&rsquo;observation et de r\u00e9flexes avec de nouveaux symboles et 170 cartes!<\/p>\n","protected":false},"featured_media":7681,"template":"","meta":{"_acf_changed":false,"wds_primary_product_brand":0,"wds_primary_product_cat":0,"wds_primary_product_abilities":0,"wds_primary_product_types":0},"product_brand":[],"product_cat":[111],"product_tag":[121],"product_abilities":[138,140],"product_types":[148,153],"class_list":{"0":"post-9212","1":"product","2":"type-product","3":"status-publish","4":"has-post-thumbnail","6":"product_cat-non-classifiee","7":"product_tag-new","8":"product_abilities-observation-fr","9":"product_abilities-vitesse","10":"product_types-famille","11":"product_types-party-fr","13":"first","14":"instock","15":"taxable","16":"shipping-taxable","17":"purchasable","18":"product-type-simple"},"acf":[],"_links":{"self":[{"href":"https:\/\/foxmind.com\/fr\/wp-json\/wp\/v2\/product\/9212","targetHints":{"allow":["GET"]}}],"collection":[{"href":"https:\/\/foxmind.com\/fr\/wp-json\/wp\/v2\/product"}],"about":[{"href":"https:\/\/foxmind.com\/fr\/wp-json\/wp\/v2\/types\/product"}],"wp:featuredmedia":[{"embeddable":true,"href":"https:\/\/foxmind.com\/fr\/wp-json\/wp\/v2\/media\/7681"}],"wp:attachment":[{"href":"https:\/\/foxmind.com\/fr\/wp-json\/wp\/v2\/media?parent=9212"}],"wp:term":[{"taxonomy":"product_brand","embeddable":true,"href":"https:\/\/foxmind.com\/fr\/wp-json\/wp\/v2\/product_brand?post=9212"},{"taxonomy":"product_cat","embeddable":true,"href":"https:\/\/foxmind.com\/fr\/wp-json\/wp\/v2\/product_cat?post=9212"},{"taxonomy":"product_tag","embeddable":true,"href":"https:\/\/foxmind.com\/fr\/wp-json\/wp\/v2\/product_tag?post=9212"},{"taxonomy":"product_abilities","embeddable":true,"href":"https:\/\/foxmind.com\/fr\/wp-json\/wp\/v2\/product_abilities?post=9212"},{"taxonomy":"product_types","embeddable":true,"href":"https:\/\/foxmind.com\/fr\/wp-json\/wp\/v2\/product_types?post=9212"}],"curies":[{"name":"wp","href":"https:\/\/api.w.org\/{rel}","templated":true}]}}