{"id":9210,"date":"2023-03-20T10:52:00","date_gmt":"2023-03-20T14:52:00","guid":{"rendered":"https:\/\/foxmind.com\/product\/forum-trajanum\/"},"modified":"2026-04-16T13:22:07","modified_gmt":"2026-04-16T17:22:07","slug":"forum-trajanum","status":"publish","type":"product","link":"https:\/\/foxmind.com\/fr\/produit\/forum-trajanum\/","title":{"rendered":"Forum Trajanum"},"content":{"rendered":"<p class=\"p2\">Dans Forum Trajanum, le nouveau jeu de Stefan Feld, chaque joueur dirige une Colonie fond\u00e9e par Trajan. Les joueurs essaient de d\u00e9velopper de mani\u00e8re optimale leur Colonie tout en soutenant les projets de construction de l\u2019Empereur. Le joueur qui l\u2019aura fait le mieux sera, apr\u00e8s l\u2019expiration de son mandat, admis dans le cercle restreint des personnalit\u00e9s illustres et puissantes entourant l\u2019Empereur.<span class=\"Apple-converted-space\">\u00a0<\/span><\/p>\n","protected":false},"excerpt":{"rendered":"<p>Dans Forum Trajanum, le nouveau jeu de Stefan Feld, chaque joueur dirige une Colonie fond\u00e9e par Trajan.<\/p>\n","protected":false},"featured_media":7659,"template":"","meta":{"_acf_changed":false,"wds_primary_product_brand":0,"wds_primary_product_cat":0,"wds_primary_product_abilities":0,"wds_primary_product_types":0},"product_brand":[],"product_cat":[111],"product_tag":[121],"product_abilities":[135,139],"product_types":[153,151],"class_list":{"0":"post-9210","1":"product","2":"type-product","3":"status-publish","4":"has-post-thumbnail","6":"product_cat-non-classifiee","7":"product_tag-new","8":"product_abilities-interaction-sociale","9":"product_abilities-raisonnement-logique","10":"product_types-party-fr","11":"product_types-strategie","13":"first","14":"instock","15":"taxable","16":"shipping-taxable","17":"purchasable","18":"product-type-simple"},"acf":[],"_links":{"self":[{"href":"https:\/\/foxmind.com\/fr\/wp-json\/wp\/v2\/product\/9210","targetHints":{"allow":["GET"]}}],"collection":[{"href":"https:\/\/foxmind.com\/fr\/wp-json\/wp\/v2\/product"}],"about":[{"href":"https:\/\/foxmind.com\/fr\/wp-json\/wp\/v2\/types\/product"}],"wp:featuredmedia":[{"embeddable":true,"href":"https:\/\/foxmind.com\/fr\/wp-json\/wp\/v2\/media\/7659"}],"wp:attachment":[{"href":"https:\/\/foxmind.com\/fr\/wp-json\/wp\/v2\/media?parent=9210"}],"wp:term":[{"taxonomy":"product_brand","embeddable":true,"href":"https:\/\/foxmind.com\/fr\/wp-json\/wp\/v2\/product_brand?post=9210"},{"taxonomy":"product_cat","embeddable":true,"href":"https:\/\/foxmind.com\/fr\/wp-json\/wp\/v2\/product_cat?post=9210"},{"taxonomy":"product_tag","embeddable":true,"href":"https:\/\/foxmind.com\/fr\/wp-json\/wp\/v2\/product_tag?post=9210"},{"taxonomy":"product_abilities","embeddable":true,"href":"https:\/\/foxmind.com\/fr\/wp-json\/wp\/v2\/product_abilities?post=9210"},{"taxonomy":"product_types","embeddable":true,"href":"https:\/\/foxmind.com\/fr\/wp-json\/wp\/v2\/product_types?post=9210"}],"curies":[{"name":"wp","href":"https:\/\/api.w.org\/{rel}","templated":true}]}}