{"id":9205,"date":"2023-03-20T10:58:46","date_gmt":"2023-03-20T14:58:46","guid":{"rendered":"https:\/\/foxmind.com\/product\/boss-quest\/"},"modified":"2025-02-06T09:43:39","modified_gmt":"2025-02-06T14:43:39","slug":"boss-quest","status":"publish","type":"product","link":"https:\/\/foxmind.com\/fr\/produit\/boss-quest\/","title":{"rendered":"Boss Quest &#8211; Discontinu\u00e9"},"content":{"rendered":"<p class=\"p2\">Boss Quest est un jeu fourbe et subtil accessible \u00e0 toute la famille. Comme tout bon chevalier vous allez vous armer pour d\u00e9fier les pires Boss parodiant l\u2019univers des jeux vid\u00e9o, et d\u00e9livrer la Princesse qui a (encore) \u00e9t\u00e9 enlev\u00e9e.<span class=\"Apple-converted-space\">\u00a0<\/span>Dosez bien votre force et usez d\u2019un peu de magie pour bouleverser le combat et gagner la partie.<span class=\"Apple-converted-space\">\u00a0<\/span>\u00cates-vous pr\u00eat pour cette qu\u00eate ?<span class=\"Apple-converted-space\">\u00a0<\/span><\/p>\n","protected":false},"excerpt":{"rendered":"<p>Dosez bien votre force et usez d\u2019un peu de magie pour gagner la partie!<\/p>\n","protected":false},"featured_media":7607,"template":"","meta":{"_acf_changed":false,"wds_primary_product_brand":0,"wds_primary_product_cat":0,"wds_primary_product_abilities":0,"wds_primary_product_types":0},"product_brand":[],"product_cat":[158],"product_tag":[121],"product_abilities":[135,139],"product_types":[148,153,151],"class_list":{"0":"post-9205","1":"product","2":"type-product","3":"status-publish","4":"has-post-thumbnail","6":"product_cat-strategy","7":"product_tag-new","8":"product_abilities-interaction-sociale","9":"product_abilities-raisonnement-logique","10":"product_types-famille","11":"product_types-party-fr","12":"product_types-strategie","14":"first","15":"outofstock","16":"taxable","17":"shipping-taxable","18":"purchasable","19":"product-type-simple"},"acf":[],"_links":{"self":[{"href":"https:\/\/foxmind.com\/fr\/wp-json\/wp\/v2\/product\/9205","targetHints":{"allow":["GET"]}}],"collection":[{"href":"https:\/\/foxmind.com\/fr\/wp-json\/wp\/v2\/product"}],"about":[{"href":"https:\/\/foxmind.com\/fr\/wp-json\/wp\/v2\/types\/product"}],"wp:featuredmedia":[{"embeddable":true,"href":"https:\/\/foxmind.com\/fr\/wp-json\/wp\/v2\/media\/7607"}],"wp:attachment":[{"href":"https:\/\/foxmind.com\/fr\/wp-json\/wp\/v2\/media?parent=9205"}],"wp:term":[{"taxonomy":"product_brand","embeddable":true,"href":"https:\/\/foxmind.com\/fr\/wp-json\/wp\/v2\/product_brand?post=9205"},{"taxonomy":"product_cat","embeddable":true,"href":"https:\/\/foxmind.com\/fr\/wp-json\/wp\/v2\/product_cat?post=9205"},{"taxonomy":"product_tag","embeddable":true,"href":"https:\/\/foxmind.com\/fr\/wp-json\/wp\/v2\/product_tag?post=9205"},{"taxonomy":"product_abilities","embeddable":true,"href":"https:\/\/foxmind.com\/fr\/wp-json\/wp\/v2\/product_abilities?post=9205"},{"taxonomy":"product_types","embeddable":true,"href":"https:\/\/foxmind.com\/fr\/wp-json\/wp\/v2\/product_types?post=9205"}],"curies":[{"name":"wp","href":"https:\/\/api.w.org\/{rel}","templated":true}]}}