{"id":9202,"date":"2023-03-20T10:52:00","date_gmt":"2023-03-20T14:58:23","guid":{"rendered":"https:\/\/foxmind.com\/product\/match-madness-duo\/"},"modified":"2025-02-11T12:10:03","modified_gmt":"2025-02-11T17:10:03","slug":"match-madness-duo","status":"publish","type":"product","link":"https:\/\/foxmind.com\/fr\/produit\/match-madness-duo\/","title":{"rendered":"Match Madness Duo"},"content":{"rendered":"<p>Vivez l\u2019exp\u00e9rience de Match Madness \u00e0 un niveau plus relev\u00e9! Duo est un jeu de rapidit\u00e9 pour les vifs d\u2019esprits! Remuez vos blocs en 3D pour recr\u00e9er un motif sur une carte le plus rapidement possible et prenez part \u00e0 ce duel exaltant pour 2 joueurs! Le jeu comprend 60 cartes d\u00e9fis avec 3 niveaux de difficult\u00e9<\/p>\n","protected":false},"excerpt":{"rendered":"<p>Mettez votre esprit et votre dext\u00e9rit\u00e9 \u00e0 l&rsquo;\u00e9preuve! Remuez vos blocs en 3D pour recr\u00e9er un motif sur une carte.<\/p>\n","protected":false},"featured_media":6012,"template":"","meta":{"_acf_changed":false,"wds_primary_product_brand":0,"wds_primary_product_cat":0,"wds_primary_product_abilities":0,"wds_primary_product_types":0},"product_brand":[],"product_cat":[111],"product_tag":[121],"product_abilities":[134,138,139,140],"product_types":[150,148],"class_list":{"0":"post-9202","1":"product","2":"type-product","3":"status-publish","4":"has-post-thumbnail","6":"product_cat-non-classifiee","7":"product_tag-new","8":"product_abilities-dexterite","9":"product_abilities-observation-fr","10":"product_abilities-raisonnement-logique","11":"product_abilities-vitesse","12":"product_types-educatif","13":"product_types-famille","15":"first","16":"instock","17":"taxable","18":"shipping-taxable","19":"purchasable","20":"product-type-simple"},"acf":[],"_links":{"self":[{"href":"https:\/\/foxmind.com\/fr\/wp-json\/wp\/v2\/product\/9202","targetHints":{"allow":["GET"]}}],"collection":[{"href":"https:\/\/foxmind.com\/fr\/wp-json\/wp\/v2\/product"}],"about":[{"href":"https:\/\/foxmind.com\/fr\/wp-json\/wp\/v2\/types\/product"}],"wp:featuredmedia":[{"embeddable":true,"href":"https:\/\/foxmind.com\/fr\/wp-json\/wp\/v2\/media\/6012"}],"wp:attachment":[{"href":"https:\/\/foxmind.com\/fr\/wp-json\/wp\/v2\/media?parent=9202"}],"wp:term":[{"taxonomy":"product_brand","embeddable":true,"href":"https:\/\/foxmind.com\/fr\/wp-json\/wp\/v2\/product_brand?post=9202"},{"taxonomy":"product_cat","embeddable":true,"href":"https:\/\/foxmind.com\/fr\/wp-json\/wp\/v2\/product_cat?post=9202"},{"taxonomy":"product_tag","embeddable":true,"href":"https:\/\/foxmind.com\/fr\/wp-json\/wp\/v2\/product_tag?post=9202"},{"taxonomy":"product_abilities","embeddable":true,"href":"https:\/\/foxmind.com\/fr\/wp-json\/wp\/v2\/product_abilities?post=9202"},{"taxonomy":"product_types","embeddable":true,"href":"https:\/\/foxmind.com\/fr\/wp-json\/wp\/v2\/product_types?post=9202"}],"curies":[{"name":"wp","href":"https:\/\/api.w.org\/{rel}","templated":true}]}}