{"id":9191,"date":"2023-03-20T10:52:00","date_gmt":"2023-03-20T14:58:23","guid":{"rendered":"https:\/\/foxmind.com\/product\/sports-dice-soccer\/"},"modified":"2025-04-23T14:47:47","modified_gmt":"2025-04-23T18:47:47","slug":"sports-dice-soccer","status":"publish","type":"product","link":"https:\/\/foxmind.com\/fr\/produit\/sports-dice-soccer\/","title":{"rendered":"Sports Dice Soccer"},"content":{"rendered":"<p>Marque le but gagnant avec Sports Dice Soccer! Sports Dice Soccer est un jeu de d\u00e9s rempli d\u2019action, facile \u00e0 apprendre et rapide \u00e0 jouer dans lequel les joueurs ressentent toute la fr\u00e9n\u00e9sie d\u2019un vrai match de soccer. Lancez vos d\u00e9s et bottez le ballon dans le filet adverse pour marquer un but! Le premier joueur avec 3 points gagne la partie. Sports Dice Soccer est le titre le plus r\u00e9cent de la s\u00e9rie Sports Dice.\u00a0 C\u2019est un jeu id\u00e9al pour les amateurs de soccer \u00e2g\u00e9s de 7 ans et plus!<\/p>\n","protected":false},"excerpt":{"rendered":"<p>Sports Dice Soccer est le titre le plus r\u00e9cent de la s\u00e9rie Sports Dice. Un jeu id\u00e9al pour les amateurs de Soccer!<\/p>\n","protected":false},"featured_media":11166,"template":"","meta":{"_acf_changed":false,"wds_primary_product_brand":0,"wds_primary_product_cat":0,"wds_primary_product_abilities":0,"wds_primary_product_types":0},"product_brand":[],"product_cat":[111],"product_tag":[123,121],"product_abilities":[135,139],"product_types":[148,153,151],"class_list":{"0":"post-9191","1":"product","2":"type-product","3":"status-publish","4":"has-post-thumbnail","6":"product_cat-non-classifiee","7":"product_tag-top-pick","8":"product_tag-new","9":"product_abilities-interaction-sociale","10":"product_abilities-raisonnement-logique","11":"product_types-famille","12":"product_types-party-fr","13":"product_types-strategie","15":"first","16":"instock","17":"taxable","18":"shipping-taxable","19":"purchasable","20":"product-type-simple"},"acf":[],"_links":{"self":[{"href":"https:\/\/foxmind.com\/fr\/wp-json\/wp\/v2\/product\/9191","targetHints":{"allow":["GET"]}}],"collection":[{"href":"https:\/\/foxmind.com\/fr\/wp-json\/wp\/v2\/product"}],"about":[{"href":"https:\/\/foxmind.com\/fr\/wp-json\/wp\/v2\/types\/product"}],"wp:featuredmedia":[{"embeddable":true,"href":"https:\/\/foxmind.com\/fr\/wp-json\/wp\/v2\/media\/11166"}],"wp:attachment":[{"href":"https:\/\/foxmind.com\/fr\/wp-json\/wp\/v2\/media?parent=9191"}],"wp:term":[{"taxonomy":"product_brand","embeddable":true,"href":"https:\/\/foxmind.com\/fr\/wp-json\/wp\/v2\/product_brand?post=9191"},{"taxonomy":"product_cat","embeddable":true,"href":"https:\/\/foxmind.com\/fr\/wp-json\/wp\/v2\/product_cat?post=9191"},{"taxonomy":"product_tag","embeddable":true,"href":"https:\/\/foxmind.com\/fr\/wp-json\/wp\/v2\/product_tag?post=9191"},{"taxonomy":"product_abilities","embeddable":true,"href":"https:\/\/foxmind.com\/fr\/wp-json\/wp\/v2\/product_abilities?post=9191"},{"taxonomy":"product_types","embeddable":true,"href":"https:\/\/foxmind.com\/fr\/wp-json\/wp\/v2\/product_types?post=9191"}],"curies":[{"name":"wp","href":"https:\/\/api.w.org\/{rel}","templated":true}]}}