{"id":9182,"date":"2023-03-20T10:51:33","date_gmt":"2023-03-20T14:51:33","guid":{"rendered":"https:\/\/foxmind.com\/product\/go-pop-presto\/"},"modified":"2026-03-09T13:28:09","modified_gmt":"2026-03-09T17:28:09","slug":"go-pop-presto","status":"publish","type":"product","link":"https:\/\/foxmind.com\/fr\/produit\/go-pop-presto\/","title":{"rendered":"Go PoP! Presto"},"content":{"rendered":"<p><strong>Voici Bubblo, la bulle toute mignonne des Go PoP! <\/strong>Faites vite pour enfoncer les bulles! Compl\u00e9tez les d\u00e9fis sur les cartes Presto et soyez le premier joueur \u00e0 appuyer sur Bubblo pour gagner la ronde! Les joueurs avec des r\u00e9flexes aiguis\u00e9s, une bonne coordination et un sens de l\u2019observation d\u00e9velopp\u00e9 l\u2019emporteront dans ce jeu d\u2019ambiance pour toute la famille.<\/p>\n","protected":false},"excerpt":{"rendered":"<p>Un jeu bas\u00e9 sur Go Pop! Appuyez rapidement sur vos bulles et tappez Bubblo pour gagner!<\/p>\n","protected":false},"featured_media":7762,"template":"","meta":{"_acf_changed":false,"wds_primary_product_brand":0,"wds_primary_product_cat":0,"wds_primary_product_abilities":0,"wds_primary_product_types":0},"product_brand":[],"product_cat":[111],"product_tag":[123,119,121],"product_abilities":[134,135,138,139,140],"product_types":[148,153],"class_list":{"0":"post-9182","1":"product","2":"type-product","3":"status-publish","4":"has-post-thumbnail","6":"product_cat-non-classifiee","7":"product_tag-top-pick","8":"product_tag-gopop","9":"product_tag-new","10":"product_abilities-dexterite","11":"product_abilities-interaction-sociale","12":"product_abilities-observation-fr","13":"product_abilities-raisonnement-logique","14":"product_abilities-vitesse","15":"product_types-famille","16":"product_types-party-fr","18":"first","19":"instock","20":"taxable","21":"shipping-taxable","22":"purchasable","23":"product-type-simple"},"acf":[],"_links":{"self":[{"href":"https:\/\/foxmind.com\/fr\/wp-json\/wp\/v2\/product\/9182","targetHints":{"allow":["GET"]}}],"collection":[{"href":"https:\/\/foxmind.com\/fr\/wp-json\/wp\/v2\/product"}],"about":[{"href":"https:\/\/foxmind.com\/fr\/wp-json\/wp\/v2\/types\/product"}],"wp:featuredmedia":[{"embeddable":true,"href":"https:\/\/foxmind.com\/fr\/wp-json\/wp\/v2\/media\/7762"}],"wp:attachment":[{"href":"https:\/\/foxmind.com\/fr\/wp-json\/wp\/v2\/media?parent=9182"}],"wp:term":[{"taxonomy":"product_brand","embeddable":true,"href":"https:\/\/foxmind.com\/fr\/wp-json\/wp\/v2\/product_brand?post=9182"},{"taxonomy":"product_cat","embeddable":true,"href":"https:\/\/foxmind.com\/fr\/wp-json\/wp\/v2\/product_cat?post=9182"},{"taxonomy":"product_tag","embeddable":true,"href":"https:\/\/foxmind.com\/fr\/wp-json\/wp\/v2\/product_tag?post=9182"},{"taxonomy":"product_abilities","embeddable":true,"href":"https:\/\/foxmind.com\/fr\/wp-json\/wp\/v2\/product_abilities?post=9182"},{"taxonomy":"product_types","embeddable":true,"href":"https:\/\/foxmind.com\/fr\/wp-json\/wp\/v2\/product_types?post=9182"}],"curies":[{"name":"wp","href":"https:\/\/api.w.org\/{rel}","templated":true}]}}