{"id":9169,"date":"2023-03-20T10:57:45","date_gmt":"2023-03-20T14:57:45","guid":{"rendered":"https:\/\/foxmind.com\/product\/enigma\/"},"modified":"2024-09-20T13:46:18","modified_gmt":"2024-09-20T17:46:18","slug":"enigma","status":"publish","type":"product","link":"https:\/\/foxmind.com\/fr\/produit\/enigma\/","title":{"rendered":"Enigma"},"content":{"rendered":"<p>Enigma consiste \u00e0 cr\u00e9er et d\u00e9chiffrer des mots secrets. Les joueurs ont \u00e0 leur disposition quatre types de segments qu\u2019ils devront combiner afin de former des lettres qui constitueront \u00e0 leur tour un mot. Le Codeur cr\u00e9e des mots secrets que les D\u00e9crypteurs essaient de deviner. Pendant la partie, vous devenez Codeur pendant un tour et D\u00e9crypteur pendant les autres tours. Le jeu se termine quand chaque joueur a \u00e9t\u00e9 Codeur une fois. Celui qui a marqu\u00e9 le plus de points remporte la partie.<\/p>\n<p>&nbsp;<\/p>\n","protected":false},"excerpt":{"rendered":"<p>Un savant m\u00e9lange de d\u00e9duction avec une touche du jeu le pendu! Enigma consiste \u00e0 d\u00e9chiffrer des mots secrets<\/p>\n","protected":false},"featured_media":4444,"template":"","meta":{"_acf_changed":false,"wds_primary_product_brand":0,"wds_primary_product_cat":0,"wds_primary_product_abilities":0,"wds_primary_product_types":0},"product_brand":[],"product_cat":[166],"product_tag":[],"product_abilities":[135,138,139,141],"product_types":[150,148,153,151],"class_list":{"0":"post-9169","1":"product","2":"type-product","3":"status-publish","4":"has-post-thumbnail","6":"product_cat-family-2","7":"product_abilities-interaction-sociale","8":"product_abilities-observation-fr","9":"product_abilities-raisonnement-logique","10":"product_abilities-vocabulaire","11":"product_types-educatif","12":"product_types-famille","13":"product_types-party-fr","14":"product_types-strategie","16":"first","17":"instock","18":"taxable","19":"shipping-taxable","20":"purchasable","21":"product-type-simple"},"acf":[],"_links":{"self":[{"href":"https:\/\/foxmind.com\/fr\/wp-json\/wp\/v2\/product\/9169","targetHints":{"allow":["GET"]}}],"collection":[{"href":"https:\/\/foxmind.com\/fr\/wp-json\/wp\/v2\/product"}],"about":[{"href":"https:\/\/foxmind.com\/fr\/wp-json\/wp\/v2\/types\/product"}],"wp:featuredmedia":[{"embeddable":true,"href":"https:\/\/foxmind.com\/fr\/wp-json\/wp\/v2\/media\/4444"}],"wp:attachment":[{"href":"https:\/\/foxmind.com\/fr\/wp-json\/wp\/v2\/media?parent=9169"}],"wp:term":[{"taxonomy":"product_brand","embeddable":true,"href":"https:\/\/foxmind.com\/fr\/wp-json\/wp\/v2\/product_brand?post=9169"},{"taxonomy":"product_cat","embeddable":true,"href":"https:\/\/foxmind.com\/fr\/wp-json\/wp\/v2\/product_cat?post=9169"},{"taxonomy":"product_tag","embeddable":true,"href":"https:\/\/foxmind.com\/fr\/wp-json\/wp\/v2\/product_tag?post=9169"},{"taxonomy":"product_abilities","embeddable":true,"href":"https:\/\/foxmind.com\/fr\/wp-json\/wp\/v2\/product_abilities?post=9169"},{"taxonomy":"product_types","embeddable":true,"href":"https:\/\/foxmind.com\/fr\/wp-json\/wp\/v2\/product_types?post=9169"}],"curies":[{"name":"wp","href":"https:\/\/api.w.org\/{rel}","templated":true}]}}