{"id":9165,"date":"2023-03-20T10:51:11","date_gmt":"2023-03-20T14:51:11","guid":{"rendered":"https:\/\/foxmind.com\/product\/match-madness-extreme-extension\/"},"modified":"2026-04-16T14:10:33","modified_gmt":"2026-04-16T18:10:33","slug":"match-madness-extreme-extension","status":"publish","type":"product","link":"https:\/\/foxmind.com\/fr\/produit\/match-madness-extreme-extension\/","title":{"rendered":"Match Madness Extr\u00eame &#8211; Extension"},"content":{"rendered":"<p>Plongez dans la fr\u00e9n\u00e9sie de Match Madness Extr\u00eame! Recr\u00e9ez 60 nouvelles cartes en ajoutant un cube \u00e0 votre ensemble de blocs. Soyez vifs d\u2019esprit avec Match Madness Extr\u00eame!<\/p>\n<p>*Une copie du jeu de base Match Madness est requise pour jouer \u00e0 Match Madness Extr\u00eame!<\/p>\n","protected":false},"excerpt":{"rendered":"<p>Plongez dans la fr\u00e9n\u00e9sie de Match Madness Extr\u00eame avec 60 nouvelles cartes d\u00e9fis!<\/p>\n","protected":false},"featured_media":3704,"template":"","meta":{"_acf_changed":false,"wds_primary_product_brand":0,"wds_primary_product_cat":0,"wds_primary_product_abilities":0,"wds_primary_product_types":0},"product_brand":[],"product_cat":[111],"product_tag":[123],"product_abilities":[134,138,139,140],"product_types":[150,148,153],"class_list":{"0":"post-9165","1":"product","2":"type-product","3":"status-publish","4":"has-post-thumbnail","6":"product_cat-non-classifiee","7":"product_tag-top-pick","8":"product_abilities-dexterite","9":"product_abilities-observation-fr","10":"product_abilities-raisonnement-logique","11":"product_abilities-vitesse","12":"product_types-educatif","13":"product_types-famille","14":"product_types-party-fr","16":"first","17":"instock","18":"taxable","19":"shipping-taxable","20":"purchasable","21":"product-type-simple"},"acf":[],"_links":{"self":[{"href":"https:\/\/foxmind.com\/fr\/wp-json\/wp\/v2\/product\/9165","targetHints":{"allow":["GET"]}}],"collection":[{"href":"https:\/\/foxmind.com\/fr\/wp-json\/wp\/v2\/product"}],"about":[{"href":"https:\/\/foxmind.com\/fr\/wp-json\/wp\/v2\/types\/product"}],"wp:featuredmedia":[{"embeddable":true,"href":"https:\/\/foxmind.com\/fr\/wp-json\/wp\/v2\/media\/3704"}],"wp:attachment":[{"href":"https:\/\/foxmind.com\/fr\/wp-json\/wp\/v2\/media?parent=9165"}],"wp:term":[{"taxonomy":"product_brand","embeddable":true,"href":"https:\/\/foxmind.com\/fr\/wp-json\/wp\/v2\/product_brand?post=9165"},{"taxonomy":"product_cat","embeddable":true,"href":"https:\/\/foxmind.com\/fr\/wp-json\/wp\/v2\/product_cat?post=9165"},{"taxonomy":"product_tag","embeddable":true,"href":"https:\/\/foxmind.com\/fr\/wp-json\/wp\/v2\/product_tag?post=9165"},{"taxonomy":"product_abilities","embeddable":true,"href":"https:\/\/foxmind.com\/fr\/wp-json\/wp\/v2\/product_abilities?post=9165"},{"taxonomy":"product_types","embeddable":true,"href":"https:\/\/foxmind.com\/fr\/wp-json\/wp\/v2\/product_types?post=9165"}],"curies":[{"name":"wp","href":"https:\/\/api.w.org\/{rel}","templated":true}]}}