{"id":9150,"date":"2023-03-20T10:51:11","date_gmt":"2023-03-20T14:57:17","guid":{"rendered":"https:\/\/foxmind.com\/product\/archelino\/"},"modified":"2024-09-30T16:13:06","modified_gmt":"2024-09-30T20:13:06","slug":"archelino","status":"publish","type":"product","link":"https:\/\/foxmind.com\/fr\/produit\/archelino\/","title":{"rendered":"Archelino &#8211; Discontinu\u00e9"},"content":{"rendered":"<p class=\"p1\">Dans ce jeu, vous devez suivre les indices pour r\u00e9ussir \u00e0 embarquer les 6 animaux dans l\u2019arche tout en respectant leurs contraintes. Ce puzzle solitaire tout en bois saura ravir les tout petits et d\u00e9veloppera leur esprit de d\u00e9duction. Placez les animaux dans le bon ordre et aussi dans le bon sens! Il faudra \u00eatre aux aguets, car parfois le z\u00e8bre veut bavarder avec le lion, mais \u00eatre dos au panda. Voici un petit jeu de logique fort sympathique!<\/p>\n","protected":false},"excerpt":{"rendered":"<p>No\u00e9 tente de rassembler des animaux sur son arche dans le bon ordre. Saurez-vous bien placer les animaux?<\/p>\n","protected":false},"featured_media":1822,"template":"","meta":{"_acf_changed":false,"wds_primary_product_brand":0,"wds_primary_product_cat":0,"wds_primary_product_abilities":0,"wds_primary_product_types":0},"product_brand":[],"product_cat":[157],"product_tag":[],"product_abilities":[138,139],"product_types":[150,149],"class_list":{"0":"post-9150","1":"product","2":"type-product","3":"status-publish","4":"has-post-thumbnail","6":"product_cat-children-2","7":"product_abilities-observation-fr","8":"product_abilities-raisonnement-logique","9":"product_types-educatif","10":"product_types-enfants","12":"first","13":"outofstock","14":"taxable","15":"shipping-taxable","16":"purchasable","17":"product-type-simple"},"acf":[],"_links":{"self":[{"href":"https:\/\/foxmind.com\/fr\/wp-json\/wp\/v2\/product\/9150","targetHints":{"allow":["GET"]}}],"collection":[{"href":"https:\/\/foxmind.com\/fr\/wp-json\/wp\/v2\/product"}],"about":[{"href":"https:\/\/foxmind.com\/fr\/wp-json\/wp\/v2\/types\/product"}],"wp:featuredmedia":[{"embeddable":true,"href":"https:\/\/foxmind.com\/fr\/wp-json\/wp\/v2\/media\/1822"}],"wp:attachment":[{"href":"https:\/\/foxmind.com\/fr\/wp-json\/wp\/v2\/media?parent=9150"}],"wp:term":[{"taxonomy":"product_brand","embeddable":true,"href":"https:\/\/foxmind.com\/fr\/wp-json\/wp\/v2\/product_brand?post=9150"},{"taxonomy":"product_cat","embeddable":true,"href":"https:\/\/foxmind.com\/fr\/wp-json\/wp\/v2\/product_cat?post=9150"},{"taxonomy":"product_tag","embeddable":true,"href":"https:\/\/foxmind.com\/fr\/wp-json\/wp\/v2\/product_tag?post=9150"},{"taxonomy":"product_abilities","embeddable":true,"href":"https:\/\/foxmind.com\/fr\/wp-json\/wp\/v2\/product_abilities?post=9150"},{"taxonomy":"product_types","embeddable":true,"href":"https:\/\/foxmind.com\/fr\/wp-json\/wp\/v2\/product_types?post=9150"}],"curies":[{"name":"wp","href":"https:\/\/api.w.org\/{rel}","templated":true}]}}