{"id":9149,"date":"2023-03-20T10:51:11","date_gmt":"2023-03-20T14:51:11","guid":{"rendered":"https:\/\/foxmind.com\/product\/zoologic\/"},"modified":"2024-09-20T14:05:55","modified_gmt":"2024-09-20T18:05:55","slug":"zoologic","status":"publish","type":"product","link":"https:\/\/foxmind.com\/fr\/produit\/zoologic\/","title":{"rendered":"Zoologic"},"content":{"rendered":"<p class=\"p1\">Les joueurs doivent placer des animaux (chiens, chats et souris) et des tuiles nourriture (os, poissons et fromages) en respectant les r\u00e8gles de placement. \u00c0 mesure que le jeu progresse, de nouveaux obstacles se pr\u00e9sentent sous la forme de\u00a0chiens m\u00e9chants, de\u00a0taureaux enrag\u00e9s\u00a0et de\u00a0fourmis affam\u00e9es. Au final, Zoologic est un jeu qui peut \u00eatre aussi amusant pour les enfants que captivant pour les adultes.<\/p>\n","protected":false},"excerpt":{"rendered":"<p>Zoologic est un jeu de puzzles qui peut \u00eatre aussi amusant pour les enfants que captivant pour les adultes.<\/p>\n","protected":false},"featured_media":1910,"template":"","meta":{"_acf_changed":false,"wds_primary_product_brand":0,"wds_primary_product_cat":0,"wds_primary_product_abilities":0,"wds_primary_product_types":0},"product_brand":[],"product_cat":[111],"product_tag":[],"product_abilities":[136,138,139],"product_types":[150,149],"class_list":{"0":"post-9149","1":"product","2":"type-product","3":"status-publish","4":"has-post-thumbnail","6":"product_cat-non-classifiee","7":"product_abilities-mathematique","8":"product_abilities-observation-fr","9":"product_abilities-raisonnement-logique","10":"product_types-educatif","11":"product_types-enfants","13":"first","14":"outofstock","15":"taxable","16":"shipping-taxable","17":"purchasable","18":"product-type-simple"},"acf":[],"_links":{"self":[{"href":"https:\/\/foxmind.com\/fr\/wp-json\/wp\/v2\/product\/9149","targetHints":{"allow":["GET"]}}],"collection":[{"href":"https:\/\/foxmind.com\/fr\/wp-json\/wp\/v2\/product"}],"about":[{"href":"https:\/\/foxmind.com\/fr\/wp-json\/wp\/v2\/types\/product"}],"wp:featuredmedia":[{"embeddable":true,"href":"https:\/\/foxmind.com\/fr\/wp-json\/wp\/v2\/media\/1910"}],"wp:attachment":[{"href":"https:\/\/foxmind.com\/fr\/wp-json\/wp\/v2\/media?parent=9149"}],"wp:term":[{"taxonomy":"product_brand","embeddable":true,"href":"https:\/\/foxmind.com\/fr\/wp-json\/wp\/v2\/product_brand?post=9149"},{"taxonomy":"product_cat","embeddable":true,"href":"https:\/\/foxmind.com\/fr\/wp-json\/wp\/v2\/product_cat?post=9149"},{"taxonomy":"product_tag","embeddable":true,"href":"https:\/\/foxmind.com\/fr\/wp-json\/wp\/v2\/product_tag?post=9149"},{"taxonomy":"product_abilities","embeddable":true,"href":"https:\/\/foxmind.com\/fr\/wp-json\/wp\/v2\/product_abilities?post=9149"},{"taxonomy":"product_types","embeddable":true,"href":"https:\/\/foxmind.com\/fr\/wp-json\/wp\/v2\/product_types?post=9149"}],"curies":[{"name":"wp","href":"https:\/\/api.w.org\/{rel}","templated":true}]}}