{"id":9140,"date":"2023-03-20T10:50:00","date_gmt":"2023-03-20T14:56:34","guid":{"rendered":"https:\/\/foxmind.com\/product\/bermuda-pirates\/"},"modified":"2025-02-20T11:11:02","modified_gmt":"2025-02-20T16:11:02","slug":"bermuda-pirates","status":"publish","type":"product","link":"https:\/\/foxmind.com\/fr\/produit\/bermuda-pirates\/","title":{"rendered":"Bermuda Pirates"},"content":{"rendered":"<p style=\"text-align: left;\">Naviguez votre bateau magn\u00e9tique sur les eaux p\u00e9rilleuses pour r\u00e9cup\u00e9rer des tr\u00e9sors! Faites appel \u00e0 votre dext\u00e9rit\u00e9 et votre m\u00e9moire pour contourner les tourbillons marins qui envoient vos tr\u00e9sors par-dessus bord! D\u00e9jouez les pirates rivaux et plongez dans ce jeu plein de suspense pour toute la famille.<\/p>\n","protected":false},"excerpt":{"rendered":"<p>Naviguez votre bateau magn\u00e9tique sur les eaux p\u00e9rilleuses pour r\u00e9cup\u00e9rer des tr\u00e9sors!<\/p>\n","protected":false},"featured_media":3522,"template":"","meta":{"_acf_changed":false,"wds_primary_product_brand":0,"wds_primary_product_cat":0,"wds_primary_product_abilities":0,"wds_primary_product_types":0},"product_brand":[],"product_cat":[111],"product_tag":[123],"product_abilities":[134,135,137,139],"product_types":[148,151],"class_list":{"0":"post-9140","1":"product","2":"type-product","3":"status-publish","4":"has-post-thumbnail","6":"product_cat-non-classifiee","7":"product_tag-top-pick","8":"product_abilities-dexterite","9":"product_abilities-interaction-sociale","10":"product_abilities-memoire","11":"product_abilities-raisonnement-logique","12":"product_types-famille","13":"product_types-strategie","15":"first","16":"instock","17":"taxable","18":"shipping-taxable","19":"purchasable","20":"product-type-simple"},"acf":[],"_links":{"self":[{"href":"https:\/\/foxmind.com\/fr\/wp-json\/wp\/v2\/product\/9140","targetHints":{"allow":["GET"]}}],"collection":[{"href":"https:\/\/foxmind.com\/fr\/wp-json\/wp\/v2\/product"}],"about":[{"href":"https:\/\/foxmind.com\/fr\/wp-json\/wp\/v2\/types\/product"}],"wp:featuredmedia":[{"embeddable":true,"href":"https:\/\/foxmind.com\/fr\/wp-json\/wp\/v2\/media\/3522"}],"wp:attachment":[{"href":"https:\/\/foxmind.com\/fr\/wp-json\/wp\/v2\/media?parent=9140"}],"wp:term":[{"taxonomy":"product_brand","embeddable":true,"href":"https:\/\/foxmind.com\/fr\/wp-json\/wp\/v2\/product_brand?post=9140"},{"taxonomy":"product_cat","embeddable":true,"href":"https:\/\/foxmind.com\/fr\/wp-json\/wp\/v2\/product_cat?post=9140"},{"taxonomy":"product_tag","embeddable":true,"href":"https:\/\/foxmind.com\/fr\/wp-json\/wp\/v2\/product_tag?post=9140"},{"taxonomy":"product_abilities","embeddable":true,"href":"https:\/\/foxmind.com\/fr\/wp-json\/wp\/v2\/product_abilities?post=9140"},{"taxonomy":"product_types","embeddable":true,"href":"https:\/\/foxmind.com\/fr\/wp-json\/wp\/v2\/product_types?post=9140"}],"curies":[{"name":"wp","href":"https:\/\/api.w.org\/{rel}","templated":true}]}}