{"id":9139,"date":"2023-03-20T10:50:00","date_gmt":"2023-03-20T14:56:34","guid":{"rendered":"https:\/\/foxmind.com\/product\/pique-mots\/"},"modified":"2024-09-30T16:13:51","modified_gmt":"2024-09-30T20:13:51","slug":"pique-mots","status":"publish","type":"product","link":"https:\/\/foxmind.com\/fr\/produit\/pique-mots\/","title":{"rendered":"Pique Mots &#8211; Discontinu\u00e9"},"content":{"rendered":"<p>Pique Mots est un jeu d\u2019ambiance rapide et amusant qui plaira \u00e0 toute la famille! \u00c0 l\u2019aide de ventouses, les joueurs pigent des cartes mots reli\u00e9es logiquement \u00e0 la carte cible qui est en jeu. Quand un adversaire fait un lien discutable, faites couiner votre ventouse pour le d\u00e9fier! Pique Mots d\u00e9veloppe le raisonnement verbal et la r\u00e9solution de conflits de fa\u00e7on amusante. Soyez malin, faites un lien!<\/p>\n","protected":false},"excerpt":{"rendered":"<p>\u00c0 l\u2019aide de ventouses, les joueurs pigent des cartes mots reli\u00e9es logiquement \u00e0 la carte cible qui est en jeu.<\/p>\n","protected":false},"featured_media":6532,"template":"","meta":{"_acf_changed":false,"wds_primary_product_brand":0,"wds_primary_product_cat":0,"wds_primary_product_abilities":0,"wds_primary_product_types":0},"product_brand":[],"product_cat":[111],"product_tag":[],"product_abilities":[134,135,139,140,141],"product_types":[150,148,153],"class_list":{"0":"post-9139","1":"product","2":"type-product","3":"status-publish","4":"has-post-thumbnail","6":"product_cat-non-classifiee","7":"product_abilities-dexterite","8":"product_abilities-interaction-sociale","9":"product_abilities-raisonnement-logique","10":"product_abilities-vitesse","11":"product_abilities-vocabulaire","12":"product_types-educatif","13":"product_types-famille","14":"product_types-party-fr","16":"first","17":"instock","18":"taxable","19":"shipping-taxable","20":"purchasable","21":"product-type-simple"},"acf":[],"_links":{"self":[{"href":"https:\/\/foxmind.com\/fr\/wp-json\/wp\/v2\/product\/9139","targetHints":{"allow":["GET"]}}],"collection":[{"href":"https:\/\/foxmind.com\/fr\/wp-json\/wp\/v2\/product"}],"about":[{"href":"https:\/\/foxmind.com\/fr\/wp-json\/wp\/v2\/types\/product"}],"wp:featuredmedia":[{"embeddable":true,"href":"https:\/\/foxmind.com\/fr\/wp-json\/wp\/v2\/media\/6532"}],"wp:attachment":[{"href":"https:\/\/foxmind.com\/fr\/wp-json\/wp\/v2\/media?parent=9139"}],"wp:term":[{"taxonomy":"product_brand","embeddable":true,"href":"https:\/\/foxmind.com\/fr\/wp-json\/wp\/v2\/product_brand?post=9139"},{"taxonomy":"product_cat","embeddable":true,"href":"https:\/\/foxmind.com\/fr\/wp-json\/wp\/v2\/product_cat?post=9139"},{"taxonomy":"product_tag","embeddable":true,"href":"https:\/\/foxmind.com\/fr\/wp-json\/wp\/v2\/product_tag?post=9139"},{"taxonomy":"product_abilities","embeddable":true,"href":"https:\/\/foxmind.com\/fr\/wp-json\/wp\/v2\/product_abilities?post=9139"},{"taxonomy":"product_types","embeddable":true,"href":"https:\/\/foxmind.com\/fr\/wp-json\/wp\/v2\/product_types?post=9139"}],"curies":[{"name":"wp","href":"https:\/\/api.w.org\/{rel}","templated":true}]}}