{"id":9137,"date":"2023-03-20T10:50:00","date_gmt":"2023-03-20T14:56:34","guid":{"rendered":"https:\/\/foxmind.com\/product\/disruptus\/"},"modified":"2024-09-20T14:20:00","modified_gmt":"2024-09-20T18:20:00","slug":"disruptus","status":"publish","type":"product","link":"https:\/\/foxmind.com\/fr\/produit\/disruptus\/","title":{"rendered":"Disruptus"},"content":{"rendered":"<p>Soyez ing\u00e9nieux avec DISRUPTUS, le jeu pr\u00e9sent\u00e9 dans The New York Times, qui d\u00e9veloppe la cr\u00e9ativit\u00e9 et l\u2019innovation. Pr\u00e9sentant un m\u00e9canisme de jeu original, DISRUPTUS encourage les joueurs \u00e0 explorer diff\u00e9rentes fa\u00e7ons de CR\u00c9ER, de TRANSFORMER ou d\u2019AM\u00c9LIORER des objets. Jouez \u00e0 Disruptus seul, avec d\u2019autres joueurs ou en \u00e9quipe et choisissez de jouer de mani\u00e8re comp\u00e9titive ou collaborative. Disruptus est un jeu amusant qui permet aux enfants d\u2019explorer leur cr\u00e9ativit\u00e9 ou bien \u00e0 des \u00e9quipes de designs\u00a0 de d\u00e9velopper des id\u00e9es innovatrices. Serez-vous le prochain DISRUPTEUR?<\/p>\n<p>&nbsp;<\/p>\n","protected":false},"excerpt":{"rendered":"<p>Soyez ing\u00e9nieux avec DISRUPTUS, le jeu pr\u00e9sent\u00e9 dans The New York Times, qui d\u00e9veloppe la cr\u00e9ativit\u00e9!<\/p>\n","protected":false},"featured_media":6470,"template":"","meta":{"_acf_changed":false,"wds_primary_product_brand":0,"wds_primary_product_cat":0,"wds_primary_product_abilities":0,"wds_primary_product_types":0},"product_brand":[],"product_cat":[111],"product_tag":[123],"product_abilities":[133,135,139],"product_types":[150,148],"class_list":{"0":"post-9137","1":"product","2":"type-product","3":"status-publish","4":"has-post-thumbnail","6":"product_cat-non-classifiee","7":"product_tag-top-pick","8":"product_abilities-creativite","9":"product_abilities-interaction-sociale","10":"product_abilities-raisonnement-logique","11":"product_types-educatif","12":"product_types-famille","14":"first","15":"instock","16":"taxable","17":"shipping-taxable","18":"purchasable","19":"product-type-simple"},"acf":[],"_links":{"self":[{"href":"https:\/\/foxmind.com\/fr\/wp-json\/wp\/v2\/product\/9137","targetHints":{"allow":["GET"]}}],"collection":[{"href":"https:\/\/foxmind.com\/fr\/wp-json\/wp\/v2\/product"}],"about":[{"href":"https:\/\/foxmind.com\/fr\/wp-json\/wp\/v2\/types\/product"}],"wp:featuredmedia":[{"embeddable":true,"href":"https:\/\/foxmind.com\/fr\/wp-json\/wp\/v2\/media\/6470"}],"wp:attachment":[{"href":"https:\/\/foxmind.com\/fr\/wp-json\/wp\/v2\/media?parent=9137"}],"wp:term":[{"taxonomy":"product_brand","embeddable":true,"href":"https:\/\/foxmind.com\/fr\/wp-json\/wp\/v2\/product_brand?post=9137"},{"taxonomy":"product_cat","embeddable":true,"href":"https:\/\/foxmind.com\/fr\/wp-json\/wp\/v2\/product_cat?post=9137"},{"taxonomy":"product_tag","embeddable":true,"href":"https:\/\/foxmind.com\/fr\/wp-json\/wp\/v2\/product_tag?post=9137"},{"taxonomy":"product_abilities","embeddable":true,"href":"https:\/\/foxmind.com\/fr\/wp-json\/wp\/v2\/product_abilities?post=9137"},{"taxonomy":"product_types","embeddable":true,"href":"https:\/\/foxmind.com\/fr\/wp-json\/wp\/v2\/product_types?post=9137"}],"curies":[{"name":"wp","href":"https:\/\/api.w.org\/{rel}","templated":true}]}}