{"id":9133,"date":"2023-03-20T10:50:00","date_gmt":"2023-03-20T14:50:00","guid":{"rendered":"https:\/\/foxmind.com\/product\/match-madness\/"},"modified":"2026-03-09T14:04:14","modified_gmt":"2026-03-09T18:04:14","slug":"match-madness","status":"publish","type":"product","link":"https:\/\/foxmind.com\/fr\/produit\/match-madness\/","title":{"rendered":"Match Madness"},"content":{"rendered":"<p><strong>Que le match commence!<\/strong><\/p>\n<p>Les joueurs s\u2019empressent d\u2019agencer leurs 5 blocs pour reproduire la figure illustr\u00e9e sur une carte. Le premier joueur qui r\u00e9ussit la remporte et une nouvelle course d\u00e9bute. Les tensions montent alors que vous rivalisez d\u2019esprit et de rapidit\u00e9 avec vos adversaires dans ce jeu de perception ing\u00e9nieux. Stimulez vos neurones et soyez transport\u00e9 par Match Madness!<\/p>\n","protected":false},"excerpt":{"rendered":"<p>Stimulez vos neurones et criez MATCH! Les joueurs agencent leurs 5 blocs pour reproduire la figure sur une carte.<\/p>\n","protected":false},"featured_media":10295,"template":"","meta":{"_acf_changed":false,"wds_primary_product_brand":0,"wds_primary_product_cat":0,"wds_primary_product_abilities":0,"wds_primary_product_types":0},"product_brand":[],"product_cat":[111],"product_tag":[123,155],"product_abilities":[134,138,139,140],"product_types":[150,149,148,153],"class_list":{"0":"post-9133","1":"product","2":"type-product","3":"status-publish","4":"has-post-thumbnail","6":"product_cat-non-classifiee","7":"product_tag-top-pick","8":"product_tag-new-box","9":"product_abilities-dexterite","10":"product_abilities-observation-fr","11":"product_abilities-raisonnement-logique","12":"product_abilities-vitesse","13":"product_types-educatif","14":"product_types-enfants","15":"product_types-famille","16":"product_types-party-fr","18":"first","19":"instock","20":"taxable","21":"shipping-taxable","22":"purchasable","23":"product-type-simple"},"acf":[],"_links":{"self":[{"href":"https:\/\/foxmind.com\/fr\/wp-json\/wp\/v2\/product\/9133","targetHints":{"allow":["GET"]}}],"collection":[{"href":"https:\/\/foxmind.com\/fr\/wp-json\/wp\/v2\/product"}],"about":[{"href":"https:\/\/foxmind.com\/fr\/wp-json\/wp\/v2\/types\/product"}],"wp:featuredmedia":[{"embeddable":true,"href":"https:\/\/foxmind.com\/fr\/wp-json\/wp\/v2\/media\/10295"}],"wp:attachment":[{"href":"https:\/\/foxmind.com\/fr\/wp-json\/wp\/v2\/media?parent=9133"}],"wp:term":[{"taxonomy":"product_brand","embeddable":true,"href":"https:\/\/foxmind.com\/fr\/wp-json\/wp\/v2\/product_brand?post=9133"},{"taxonomy":"product_cat","embeddable":true,"href":"https:\/\/foxmind.com\/fr\/wp-json\/wp\/v2\/product_cat?post=9133"},{"taxonomy":"product_tag","embeddable":true,"href":"https:\/\/foxmind.com\/fr\/wp-json\/wp\/v2\/product_tag?post=9133"},{"taxonomy":"product_abilities","embeddable":true,"href":"https:\/\/foxmind.com\/fr\/wp-json\/wp\/v2\/product_abilities?post=9133"},{"taxonomy":"product_types","embeddable":true,"href":"https:\/\/foxmind.com\/fr\/wp-json\/wp\/v2\/product_types?post=9133"}],"curies":[{"name":"wp","href":"https:\/\/api.w.org\/{rel}","templated":true}]}}