{"id":9132,"date":"2023-03-20T10:50:00","date_gmt":"2023-03-20T14:56:34","guid":{"rendered":"https:\/\/foxmind.com\/product\/maze-racers\/"},"modified":"2025-02-20T11:09:27","modified_gmt":"2025-02-20T16:09:27","slug":"maze-racers","status":"publish","type":"product","link":"https:\/\/foxmind.com\/fr\/produit\/maze-racers\/","title":{"rendered":"Maze Racers &#8211; Discontinu\u00e9"},"content":{"rendered":"<p>Maze Racers est une course excitante contre la montre dans laquelle vous devrez construire, \u00e0 l\u2019aide de murs magn\u00e9tiques et durant un temps limit\u00e9, le labyrinthe le plus d\u00e9routant pour votre adversaire. Mais faites vite, votre rival pr\u00e9pare lui aussi ses propres pi\u00e8ges! Lorsque le temps est \u00e9coul\u00e9, les joueurs s\u2019\u00e9changent leur labyrinthe et la course commence! Les joueurs doivent alors diriger leur balle \u00e0 travers du labyrinthe, jusqu\u2019\u00e0 l\u2019arriv\u00e9e et ce le plus rapidement possible. Celui qui remporte deux manches sur trois remporte la partie!<\/p>\n","protected":false},"excerpt":{"rendered":"<p>Maze Racers est une course excitante dans laquelle vous devrez construire le labyrinthe le plus d\u00e9routant!<\/p>\n","protected":false},"featured_media":1304,"template":"","meta":{"_acf_changed":false,"wds_primary_product_brand":0,"wds_primary_product_cat":0,"wds_primary_product_abilities":0,"wds_primary_product_types":0},"product_brand":[],"product_cat":[111],"product_tag":[123],"product_abilities":[133,134,138,139,140],"product_types":[150,149,148],"class_list":{"0":"post-9132","1":"product","2":"type-product","3":"status-publish","4":"has-post-thumbnail","6":"product_cat-non-classifiee","7":"product_tag-top-pick","8":"product_abilities-creativite","9":"product_abilities-dexterite","10":"product_abilities-observation-fr","11":"product_abilities-raisonnement-logique","12":"product_abilities-vitesse","13":"product_types-educatif","14":"product_types-enfants","15":"product_types-famille","17":"first","18":"outofstock","19":"taxable","20":"shipping-taxable","21":"purchasable","22":"product-type-simple"},"acf":[],"_links":{"self":[{"href":"https:\/\/foxmind.com\/fr\/wp-json\/wp\/v2\/product\/9132","targetHints":{"allow":["GET"]}}],"collection":[{"href":"https:\/\/foxmind.com\/fr\/wp-json\/wp\/v2\/product"}],"about":[{"href":"https:\/\/foxmind.com\/fr\/wp-json\/wp\/v2\/types\/product"}],"wp:featuredmedia":[{"embeddable":true,"href":"https:\/\/foxmind.com\/fr\/wp-json\/wp\/v2\/media\/1304"}],"wp:attachment":[{"href":"https:\/\/foxmind.com\/fr\/wp-json\/wp\/v2\/media?parent=9132"}],"wp:term":[{"taxonomy":"product_brand","embeddable":true,"href":"https:\/\/foxmind.com\/fr\/wp-json\/wp\/v2\/product_brand?post=9132"},{"taxonomy":"product_cat","embeddable":true,"href":"https:\/\/foxmind.com\/fr\/wp-json\/wp\/v2\/product_cat?post=9132"},{"taxonomy":"product_tag","embeddable":true,"href":"https:\/\/foxmind.com\/fr\/wp-json\/wp\/v2\/product_tag?post=9132"},{"taxonomy":"product_abilities","embeddable":true,"href":"https:\/\/foxmind.com\/fr\/wp-json\/wp\/v2\/product_abilities?post=9132"},{"taxonomy":"product_types","embeddable":true,"href":"https:\/\/foxmind.com\/fr\/wp-json\/wp\/v2\/product_types?post=9132"}],"curies":[{"name":"wp","href":"https:\/\/api.w.org\/{rel}","templated":true}]}}