{"id":9129,"date":"2023-03-20T10:50:00","date_gmt":"2023-03-20T14:56:34","guid":{"rendered":"https:\/\/foxmind.com\/product\/slam-dice-clac-mots\/"},"modified":"2025-02-11T12:30:45","modified_gmt":"2025-02-11T17:30:45","slug":"slam-dice-clac-mots","status":"publish","type":"product","link":"https:\/\/foxmind.com\/fr\/produit\/slam-dice-clac-mots\/","title":{"rendered":"Slam Dice\u2122 &#8211; Slam Words (EN seulement)"},"content":{"rendered":"<p>Slam Words est le jeu le plus rapide de recherche de mots. Fait parti de la gamme des jeux Slam Dice\u2122. \u00c9tire, secoue et \u201dSLAM\u201d le gobelet! Trouve rapidement un mot utilisant les 3 lettres visibles et passe le gobelet au joueur suivant. Si un joueur ne peut trouver un mot, ils sont \u00e9limin\u00e9s de la ronde. Le dernier joueur restant gagne la partie! Un jeu id\u00e9al pour les voyages.<\/p>\n","protected":false},"excerpt":{"rendered":"<p>Clac mots est le jeu le plus rapide de recherche de mots!<\/p>\n","protected":false},"featured_media":6317,"template":"","meta":{"_acf_changed":false,"wds_primary_product_brand":0,"wds_primary_product_cat":0,"wds_primary_product_abilities":0,"wds_primary_product_types":0},"product_brand":[],"product_cat":[111],"product_tag":[123,121],"product_abilities":[134,140,141],"product_types":[150,149,148],"class_list":{"0":"post-9129","1":"product","2":"type-product","3":"status-publish","4":"has-post-thumbnail","6":"product_cat-non-classifiee","7":"product_tag-top-pick","8":"product_tag-new","9":"product_abilities-dexterite","10":"product_abilities-vitesse","11":"product_abilities-vocabulaire","12":"product_types-educatif","13":"product_types-enfants","14":"product_types-famille","16":"first","17":"instock","18":"taxable","19":"shipping-taxable","20":"purchasable","21":"product-type-simple"},"acf":[],"_links":{"self":[{"href":"https:\/\/foxmind.com\/fr\/wp-json\/wp\/v2\/product\/9129","targetHints":{"allow":["GET"]}}],"collection":[{"href":"https:\/\/foxmind.com\/fr\/wp-json\/wp\/v2\/product"}],"about":[{"href":"https:\/\/foxmind.com\/fr\/wp-json\/wp\/v2\/types\/product"}],"wp:featuredmedia":[{"embeddable":true,"href":"https:\/\/foxmind.com\/fr\/wp-json\/wp\/v2\/media\/6317"}],"wp:attachment":[{"href":"https:\/\/foxmind.com\/fr\/wp-json\/wp\/v2\/media?parent=9129"}],"wp:term":[{"taxonomy":"product_brand","embeddable":true,"href":"https:\/\/foxmind.com\/fr\/wp-json\/wp\/v2\/product_brand?post=9129"},{"taxonomy":"product_cat","embeddable":true,"href":"https:\/\/foxmind.com\/fr\/wp-json\/wp\/v2\/product_cat?post=9129"},{"taxonomy":"product_tag","embeddable":true,"href":"https:\/\/foxmind.com\/fr\/wp-json\/wp\/v2\/product_tag?post=9129"},{"taxonomy":"product_abilities","embeddable":true,"href":"https:\/\/foxmind.com\/fr\/wp-json\/wp\/v2\/product_abilities?post=9129"},{"taxonomy":"product_types","embeddable":true,"href":"https:\/\/foxmind.com\/fr\/wp-json\/wp\/v2\/product_types?post=9129"}],"curies":[{"name":"wp","href":"https:\/\/api.w.org\/{rel}","templated":true}]}}