{"id":9128,"date":"2023-03-20T10:50:00","date_gmt":"2023-03-20T14:56:34","guid":{"rendered":"https:\/\/foxmind.com\/product\/slam-dice-clac-bluff\/"},"modified":"2025-02-20T11:09:59","modified_gmt":"2025-02-20T16:09:59","slug":"slam-dice-clac-bluff","status":"publish","type":"product","link":"https:\/\/foxmind.com\/fr\/produit\/slam-dice-clac-bluff\/","title":{"rendered":"Slam Dice &#8211; Slam Bluff (EN only)"},"content":{"rendered":"<p>Fait parti de la gamme des jeux Slam Dice\u2122. Le jeu ultime de chance et de bluff. Secouez le gobelet, fermez le gobelet pour bloquer les d\u00e9s en place! Le joueur suivant doit rouler un chiffre plus \u00e9lev\u00e9 au risque de perdre une vie. Est-ce que votre opposant a roul\u00e9 plus haut ou tentent-ils de bluffer? Ce jeu est portatif et id\u00e9al pour les voyages.<\/p>\n","protected":false},"excerpt":{"rendered":"<p>Clac Bluff est le jeu ultime de bluff et de chance id\u00e9al pour les voyages!<\/p>\n","protected":false},"featured_media":6314,"template":"","meta":{"_acf_changed":false,"wds_primary_product_brand":0,"wds_primary_product_cat":0,"wds_primary_product_abilities":0,"wds_primary_product_types":0},"product_brand":[],"product_cat":[],"product_tag":[123,121],"product_abilities":[134,135,136],"product_types":[148,153],"class_list":{"0":"post-9128","1":"product","2":"type-product","3":"status-publish","4":"has-post-thumbnail","6":"product_tag-top-pick","7":"product_tag-new","8":"product_abilities-dexterite","9":"product_abilities-interaction-sociale","10":"product_abilities-mathematique","11":"product_types-famille","12":"product_types-party-fr","14":"first","15":"instock","16":"taxable","17":"shipping-taxable","18":"purchasable","19":"product-type-simple"},"acf":[],"_links":{"self":[{"href":"https:\/\/foxmind.com\/fr\/wp-json\/wp\/v2\/product\/9128","targetHints":{"allow":["GET"]}}],"collection":[{"href":"https:\/\/foxmind.com\/fr\/wp-json\/wp\/v2\/product"}],"about":[{"href":"https:\/\/foxmind.com\/fr\/wp-json\/wp\/v2\/types\/product"}],"wp:featuredmedia":[{"embeddable":true,"href":"https:\/\/foxmind.com\/fr\/wp-json\/wp\/v2\/media\/6314"}],"wp:attachment":[{"href":"https:\/\/foxmind.com\/fr\/wp-json\/wp\/v2\/media?parent=9128"}],"wp:term":[{"taxonomy":"product_brand","embeddable":true,"href":"https:\/\/foxmind.com\/fr\/wp-json\/wp\/v2\/product_brand?post=9128"},{"taxonomy":"product_cat","embeddable":true,"href":"https:\/\/foxmind.com\/fr\/wp-json\/wp\/v2\/product_cat?post=9128"},{"taxonomy":"product_tag","embeddable":true,"href":"https:\/\/foxmind.com\/fr\/wp-json\/wp\/v2\/product_tag?post=9128"},{"taxonomy":"product_abilities","embeddable":true,"href":"https:\/\/foxmind.com\/fr\/wp-json\/wp\/v2\/product_abilities?post=9128"},{"taxonomy":"product_types","embeddable":true,"href":"https:\/\/foxmind.com\/fr\/wp-json\/wp\/v2\/product_types?post=9128"}],"curies":[{"name":"wp","href":"https:\/\/api.w.org\/{rel}","templated":true}]}}