{"id":9126,"date":"2023-03-20T10:50:00","date_gmt":"2023-03-20T14:50:00","guid":{"rendered":"https:\/\/foxmind.com\/product\/sports-dice-baseball\/"},"modified":"2024-09-20T14:27:59","modified_gmt":"2024-09-20T18:27:59","slug":"sports-dice-baseball","status":"publish","type":"product","link":"https:\/\/foxmind.com\/fr\/produit\/sports-dice-baseball\/","title":{"rendered":"Sports Dice Baseball"},"content":{"rendered":"<p>Affrontez l\u2019\u00e9quipe adverse dans un duel \u00e9pique entre frappeur et lanceur! Sports Dice Baseball\u2122 est un jeu de d\u00e9s au rythme effr\u00e9n\u00e9, facile \u00e0 apprendre et rapide \u00e0 jouer, qui donne \u00e0 2 ou 4 joueurs toute l\u2019action d\u2019un vrai match de baseball. Roulez les d\u00e9s pour tenter de retirer un opposant, puis prenez votre place au b\u00e2ton pour tenter de frapper un coup de circuit! Sports Dice Baseball\u2122 est un jeu id\u00e9al pour tous les amateurs de baseball \u00e2g\u00e9s de 7 ans et plus.<\/p>\n","protected":false},"excerpt":{"rendered":"<p>Affrontez l\u2019\u00e9quipe adverse dans un duel \u00e9pique entre frappeur et lanceur!<\/p>\n","protected":false},"featured_media":11186,"template":"","meta":{"_acf_changed":false,"wds_primary_product_brand":0,"wds_primary_product_cat":0,"wds_primary_product_abilities":0,"wds_primary_product_types":0},"product_brand":[],"product_cat":[],"product_tag":[121],"product_abilities":[135],"product_types":[148,153,151],"class_list":{"0":"post-9126","1":"product","2":"type-product","3":"status-publish","4":"has-post-thumbnail","6":"product_tag-new","7":"product_abilities-interaction-sociale","8":"product_types-famille","9":"product_types-party-fr","10":"product_types-strategie","12":"first","13":"instock","14":"taxable","15":"shipping-taxable","16":"purchasable","17":"product-type-simple"},"acf":[],"_links":{"self":[{"href":"https:\/\/foxmind.com\/fr\/wp-json\/wp\/v2\/product\/9126","targetHints":{"allow":["GET"]}}],"collection":[{"href":"https:\/\/foxmind.com\/fr\/wp-json\/wp\/v2\/product"}],"about":[{"href":"https:\/\/foxmind.com\/fr\/wp-json\/wp\/v2\/types\/product"}],"wp:featuredmedia":[{"embeddable":true,"href":"https:\/\/foxmind.com\/fr\/wp-json\/wp\/v2\/media\/11186"}],"wp:attachment":[{"href":"https:\/\/foxmind.com\/fr\/wp-json\/wp\/v2\/media?parent=9126"}],"wp:term":[{"taxonomy":"product_brand","embeddable":true,"href":"https:\/\/foxmind.com\/fr\/wp-json\/wp\/v2\/product_brand?post=9126"},{"taxonomy":"product_cat","embeddable":true,"href":"https:\/\/foxmind.com\/fr\/wp-json\/wp\/v2\/product_cat?post=9126"},{"taxonomy":"product_tag","embeddable":true,"href":"https:\/\/foxmind.com\/fr\/wp-json\/wp\/v2\/product_tag?post=9126"},{"taxonomy":"product_abilities","embeddable":true,"href":"https:\/\/foxmind.com\/fr\/wp-json\/wp\/v2\/product_abilities?post=9126"},{"taxonomy":"product_types","embeddable":true,"href":"https:\/\/foxmind.com\/fr\/wp-json\/wp\/v2\/product_types?post=9126"}],"curies":[{"name":"wp","href":"https:\/\/api.w.org\/{rel}","templated":true}]}}