{"id":9125,"date":"2023-03-20T10:50:00","date_gmt":"2023-03-20T14:50:00","guid":{"rendered":"https:\/\/foxmind.com\/product\/sports-dice-football\/"},"modified":"2024-09-20T14:18:15","modified_gmt":"2024-09-20T18:18:15","slug":"sports-dice-football","status":"publish","type":"product","link":"https:\/\/foxmind.com\/fr\/produit\/sports-dice-football\/","title":{"rendered":"Sports Dice Football"},"content":{"rendered":"<p class=\"p2\">Lancez vos d\u00e9s pour plonger dans l\u2019action de ce jeu facile \u00e0 apprendre et rapide \u00e0 jouer pour 2 \u00e0 4 joueurs. Sports Dice Football offre l\u2019ambiance d\u2019une vrai partie de Football. Misez le tout pour le tout au dernier essai et atteignez la zone de touch\u00e9! Sports Dice Football est un jeu id\u00e9al pour tous les amateurs de Football \u00e2g\u00e9s de 7 ans et plus.<span class=\"Apple-converted-space\">\u00a0<\/span><\/p>\n","protected":false},"excerpt":{"rendered":"<p>Bo\u00eete en anglais, r\u00e8gles en fran\u00e7ais incluses. Sports Dice Football includes all the drama of a real game.<\/p>\n","protected":false},"featured_media":11176,"template":"","meta":{"_acf_changed":false,"wds_primary_product_brand":0,"wds_primary_product_cat":0,"wds_primary_product_abilities":0,"wds_primary_product_types":0},"product_brand":[],"product_cat":[],"product_tag":[121],"product_abilities":[135],"product_types":[148,153,151],"class_list":{"0":"post-9125","1":"product","2":"type-product","3":"status-publish","4":"has-post-thumbnail","6":"product_tag-new","7":"product_abilities-interaction-sociale","8":"product_types-famille","9":"product_types-party-fr","10":"product_types-strategie","12":"first","13":"instock","14":"taxable","15":"shipping-taxable","16":"purchasable","17":"product-type-simple"},"acf":[],"_links":{"self":[{"href":"https:\/\/foxmind.com\/fr\/wp-json\/wp\/v2\/product\/9125","targetHints":{"allow":["GET"]}}],"collection":[{"href":"https:\/\/foxmind.com\/fr\/wp-json\/wp\/v2\/product"}],"about":[{"href":"https:\/\/foxmind.com\/fr\/wp-json\/wp\/v2\/types\/product"}],"wp:featuredmedia":[{"embeddable":true,"href":"https:\/\/foxmind.com\/fr\/wp-json\/wp\/v2\/media\/11176"}],"wp:attachment":[{"href":"https:\/\/foxmind.com\/fr\/wp-json\/wp\/v2\/media?parent=9125"}],"wp:term":[{"taxonomy":"product_brand","embeddable":true,"href":"https:\/\/foxmind.com\/fr\/wp-json\/wp\/v2\/product_brand?post=9125"},{"taxonomy":"product_cat","embeddable":true,"href":"https:\/\/foxmind.com\/fr\/wp-json\/wp\/v2\/product_cat?post=9125"},{"taxonomy":"product_tag","embeddable":true,"href":"https:\/\/foxmind.com\/fr\/wp-json\/wp\/v2\/product_tag?post=9125"},{"taxonomy":"product_abilities","embeddable":true,"href":"https:\/\/foxmind.com\/fr\/wp-json\/wp\/v2\/product_abilities?post=9125"},{"taxonomy":"product_types","embeddable":true,"href":"https:\/\/foxmind.com\/fr\/wp-json\/wp\/v2\/product_types?post=9125"}],"curies":[{"name":"wp","href":"https:\/\/api.w.org\/{rel}","templated":true}]}}