{"id":9120,"date":"2023-03-20T10:50:40","date_gmt":"2023-03-20T14:56:09","guid":{"rendered":"https:\/\/foxmind.com\/product\/the-potion\/"},"modified":"2025-02-11T12:40:37","modified_gmt":"2025-02-11T17:40:37","slug":"the-potion","status":"publish","type":"product","link":"https:\/\/foxmind.com\/fr\/produit\/the-potion\/","title":{"rendered":"The Potion"},"content":{"rendered":"<p>Une rencontre au sommet entre les alchimistes les plus fut\u00e9s se dessine. Chaque alchimiste aura en sa possession au d\u00e9part les m\u00eames ingr\u00e9dients de base: champignons rares, fioles de liquide secret et scarab\u00e9es venimeux. Serez-vous l\u2019alchimiste le plus astucieux qui r\u00e9ussira \u00e0 se d\u00e9barrasser de ses ingr\u00e9dients en premier et ainsi prendre le contr\u00f4le de la potion? \u00c9tudiez bien les gestes et expressions de vos adversaires dans ce jeu unique de bluff et de d\u00e9ception!<\/p>\n<p>&nbsp;<\/p>\n<p>&nbsp;<\/p>\n","protected":false},"excerpt":{"rendered":"<p>Serez-vous l\u2019alchimiste qui r\u00e9ussira \u00e0 se d\u00e9barrasser de ses ingr\u00e9dients en premier?<\/p>\n","protected":false},"featured_media":1223,"template":"","meta":{"_acf_changed":false,"wds_primary_product_brand":0,"wds_primary_product_cat":0,"wds_primary_product_abilities":0,"wds_primary_product_types":0},"product_brand":[],"product_cat":[111],"product_tag":[123],"product_abilities":[135,137,138],"product_types":[148,153,151],"class_list":{"0":"post-9120","1":"product","2":"type-product","3":"status-publish","4":"has-post-thumbnail","6":"product_cat-non-classifiee","7":"product_tag-top-pick","8":"product_abilities-interaction-sociale","9":"product_abilities-memoire","10":"product_abilities-observation-fr","11":"product_types-famille","12":"product_types-party-fr","13":"product_types-strategie","15":"first","16":"instock","17":"taxable","18":"shipping-taxable","19":"purchasable","20":"product-type-simple"},"acf":[],"_links":{"self":[{"href":"https:\/\/foxmind.com\/fr\/wp-json\/wp\/v2\/product\/9120","targetHints":{"allow":["GET"]}}],"collection":[{"href":"https:\/\/foxmind.com\/fr\/wp-json\/wp\/v2\/product"}],"about":[{"href":"https:\/\/foxmind.com\/fr\/wp-json\/wp\/v2\/types\/product"}],"wp:featuredmedia":[{"embeddable":true,"href":"https:\/\/foxmind.com\/fr\/wp-json\/wp\/v2\/media\/1223"}],"wp:attachment":[{"href":"https:\/\/foxmind.com\/fr\/wp-json\/wp\/v2\/media?parent=9120"}],"wp:term":[{"taxonomy":"product_brand","embeddable":true,"href":"https:\/\/foxmind.com\/fr\/wp-json\/wp\/v2\/product_brand?post=9120"},{"taxonomy":"product_cat","embeddable":true,"href":"https:\/\/foxmind.com\/fr\/wp-json\/wp\/v2\/product_cat?post=9120"},{"taxonomy":"product_tag","embeddable":true,"href":"https:\/\/foxmind.com\/fr\/wp-json\/wp\/v2\/product_tag?post=9120"},{"taxonomy":"product_abilities","embeddable":true,"href":"https:\/\/foxmind.com\/fr\/wp-json\/wp\/v2\/product_abilities?post=9120"},{"taxonomy":"product_types","embeddable":true,"href":"https:\/\/foxmind.com\/fr\/wp-json\/wp\/v2\/product_types?post=9120"}],"curies":[{"name":"wp","href":"https:\/\/api.w.org\/{rel}","templated":true}]}}