{"id":9119,"date":"2023-03-20T10:50:40","date_gmt":"2023-03-20T14:56:09","guid":{"rendered":"https:\/\/foxmind.com\/product\/metaforms\/"},"modified":"2024-09-20T14:12:22","modified_gmt":"2024-09-20T18:12:22","slug":"metaforms","status":"publish","type":"product","link":"https:\/\/foxmind.com\/fr\/produit\/metaforms\/","title":{"rendered":"Metaforms"},"content":{"rendered":"<p>D\u00e9couvrez le jeu acclam\u00e9 par de nombreux parents et professeurs \u00e0 travers le monde. Placez dans la grille les neufs formes g\u00e9om\u00e9triques de fa\u00e7on \u00e0 respecter les indices donn\u00e9s. Il y a une solution unique pour chaque puzzle. Le jeu comprend un livret de puzzles progressifs regroup\u00e9s en 6 niveaux de difficult\u00e9s.<\/p>\n","protected":false},"excerpt":{"rendered":"<p>Nouvelle \u00c9dition! D\u00e9couvrez le jeu acclam\u00e9 par de nombreux parents et enfants \u00e0 travers le monde.<\/p>\n","protected":false},"featured_media":6081,"template":"","meta":{"_acf_changed":false,"wds_primary_product_brand":0,"wds_primary_product_cat":0,"wds_primary_product_abilities":0,"wds_primary_product_types":0},"product_brand":[],"product_cat":[111],"product_tag":[118,123,155],"product_abilities":[136,138,139],"product_types":[150,149],"class_list":{"0":"post-9119","1":"product","2":"type-product","3":"status-publish","4":"has-post-thumbnail","6":"product_cat-non-classifiee","7":"product_tag-brainbuilder","8":"product_tag-top-pick","9":"product_tag-new-box","10":"product_abilities-mathematique","11":"product_abilities-observation-fr","12":"product_abilities-raisonnement-logique","13":"product_types-educatif","14":"product_types-enfants","16":"first","17":"instock","18":"taxable","19":"shipping-taxable","20":"purchasable","21":"product-type-simple"},"acf":[],"_links":{"self":[{"href":"https:\/\/foxmind.com\/fr\/wp-json\/wp\/v2\/product\/9119","targetHints":{"allow":["GET"]}}],"collection":[{"href":"https:\/\/foxmind.com\/fr\/wp-json\/wp\/v2\/product"}],"about":[{"href":"https:\/\/foxmind.com\/fr\/wp-json\/wp\/v2\/types\/product"}],"wp:featuredmedia":[{"embeddable":true,"href":"https:\/\/foxmind.com\/fr\/wp-json\/wp\/v2\/media\/6081"}],"wp:attachment":[{"href":"https:\/\/foxmind.com\/fr\/wp-json\/wp\/v2\/media?parent=9119"}],"wp:term":[{"taxonomy":"product_brand","embeddable":true,"href":"https:\/\/foxmind.com\/fr\/wp-json\/wp\/v2\/product_brand?post=9119"},{"taxonomy":"product_cat","embeddable":true,"href":"https:\/\/foxmind.com\/fr\/wp-json\/wp\/v2\/product_cat?post=9119"},{"taxonomy":"product_tag","embeddable":true,"href":"https:\/\/foxmind.com\/fr\/wp-json\/wp\/v2\/product_tag?post=9119"},{"taxonomy":"product_abilities","embeddable":true,"href":"https:\/\/foxmind.com\/fr\/wp-json\/wp\/v2\/product_abilities?post=9119"},{"taxonomy":"product_types","embeddable":true,"href":"https:\/\/foxmind.com\/fr\/wp-json\/wp\/v2\/product_types?post=9119"}],"curies":[{"name":"wp","href":"https:\/\/api.w.org\/{rel}","templated":true}]}}