{"id":9118,"date":"2023-03-20T10:50:40","date_gmt":"2023-03-20T14:50:40","guid":{"rendered":"https:\/\/foxmind.com\/product\/smart-cookies\/"},"modified":"2024-09-20T14:13:02","modified_gmt":"2024-09-20T18:13:02","slug":"smart-cookies","status":"publish","type":"product","link":"https:\/\/foxmind.com\/fr\/produit\/smart-cookies\/","title":{"rendered":"Smart Cookies"},"content":{"rendered":"<p>Pour souligner le 25e anniversaire du c\u00e9l\u00e8bre jeu Logix (et de son non moins c\u00e9l\u00e8bre successeur MetaForms), nous avons consult\u00e9 notre livre de cuisine et en avons tir\u00e9 une autre recette gagnante: Smart Cookies! Un r\u00e9gal pour votre esprit, ce jeu regroupe 64 puzzles en forme de biscuits qui nourriront aussi votre cerveau. Les joueurs ont recours \u00e0 des indices logiques pour disposer 9 biscuits sur la planche de jeu. \u00c0 mesure qu\u2019ils atteignent les diff\u00e9rents niveaux d\u2019une logique d\u00e9ductive de plus en plus complexe, les joueurs d\u00e9veloppent et am\u00e9liorent leurs capacit\u00e9s de raisonnement et de verbalisation. Voil\u00e0 une fa\u00e7on id\u00e9ale d\u2019alimenter votre cerveau sans consommer de calories.<\/p>\n","protected":false},"excerpt":{"rendered":"<p>Nouvelle \u00c9dition! Suivez les indices logiques pour disposer 9 biscuits sur la planche de jeu.<\/p>\n","protected":false},"featured_media":6096,"template":"","meta":{"_acf_changed":false,"wds_primary_product_brand":0,"wds_primary_product_cat":0,"wds_primary_product_abilities":0,"wds_primary_product_types":0},"product_brand":[],"product_cat":[111],"product_tag":[118,123,155],"product_abilities":[136,138,139],"product_types":[150,149],"class_list":{"0":"post-9118","1":"product","2":"type-product","3":"status-publish","4":"has-post-thumbnail","6":"product_cat-non-classifiee","7":"product_tag-brainbuilder","8":"product_tag-top-pick","9":"product_tag-new-box","10":"product_abilities-mathematique","11":"product_abilities-observation-fr","12":"product_abilities-raisonnement-logique","13":"product_types-educatif","14":"product_types-enfants","16":"first","17":"outofstock","18":"taxable","19":"shipping-taxable","20":"purchasable","21":"product-type-simple"},"acf":[],"_links":{"self":[{"href":"https:\/\/foxmind.com\/fr\/wp-json\/wp\/v2\/product\/9118","targetHints":{"allow":["GET"]}}],"collection":[{"href":"https:\/\/foxmind.com\/fr\/wp-json\/wp\/v2\/product"}],"about":[{"href":"https:\/\/foxmind.com\/fr\/wp-json\/wp\/v2\/types\/product"}],"wp:featuredmedia":[{"embeddable":true,"href":"https:\/\/foxmind.com\/fr\/wp-json\/wp\/v2\/media\/6096"}],"wp:attachment":[{"href":"https:\/\/foxmind.com\/fr\/wp-json\/wp\/v2\/media?parent=9118"}],"wp:term":[{"taxonomy":"product_brand","embeddable":true,"href":"https:\/\/foxmind.com\/fr\/wp-json\/wp\/v2\/product_brand?post=9118"},{"taxonomy":"product_cat","embeddable":true,"href":"https:\/\/foxmind.com\/fr\/wp-json\/wp\/v2\/product_cat?post=9118"},{"taxonomy":"product_tag","embeddable":true,"href":"https:\/\/foxmind.com\/fr\/wp-json\/wp\/v2\/product_tag?post=9118"},{"taxonomy":"product_abilities","embeddable":true,"href":"https:\/\/foxmind.com\/fr\/wp-json\/wp\/v2\/product_abilities?post=9118"},{"taxonomy":"product_types","embeddable":true,"href":"https:\/\/foxmind.com\/fr\/wp-json\/wp\/v2\/product_types?post=9118"}],"curies":[{"name":"wp","href":"https:\/\/api.w.org\/{rel}","templated":true}]}}