{"id":9117,"date":"2023-03-20T10:50:40","date_gmt":"2023-03-20T14:50:40","guid":{"rendered":"https:\/\/foxmind.com\/product\/architecto\/"},"modified":"2026-04-16T10:58:11","modified_gmt":"2026-04-16T14:58:11","slug":"architecto","status":"publish","type":"product","link":"https:\/\/foxmind.com\/fr\/produit\/architecto\/","title":{"rendered":"Architecto"},"content":{"rendered":"<p>Les joueurs construisent des mod\u00e8les en 3D bas\u00e9s sur des illustrations en perspective. De formes toutes simples aux structures les plus complexes, les joueurs d\u00e9veloppent de solides notions de g\u00e9om\u00e9trie et de vision 3D. En plus d\u2019\u00eatre une r\u00e9elle exp\u00e9rience \u00e9ducative, c\u2019est avant tout un jeu excitant et \u00e9tonnement captivant. Architecto fait partie de la ligne Brain Builder qui comprend 4 jeux de visualisation spatiale o\u00f9 les joueurs progressent \u00e0 leur rythme \u00e0 travers une s\u00e9rie de puzzles qui deviennent de plus en plus difficiles. Les jeux comprennent le m\u00eame ensemble de Geoblocks et un livret de puzzle s\u00e9par\u00e9 en 6 niveaux de difficult\u00e9s.<\/p>\n","protected":false},"excerpt":{"rendered":"<p>Nouvelle \u00c9dition! Construisez des mod\u00e8les en 3D bas\u00e9s sur des illustrations en perspective.<\/p>\n","protected":false},"featured_media":12347,"template":"","meta":{"_acf_changed":false,"wds_primary_product_brand":0,"wds_primary_product_cat":0,"wds_primary_product_abilities":0,"wds_primary_product_types":0},"product_brand":[],"product_cat":[111],"product_tag":[118,155],"product_abilities":[134,136,138,139],"product_types":[150,149],"class_list":{"0":"post-9117","1":"product","2":"type-product","3":"status-publish","4":"has-post-thumbnail","6":"product_cat-non-classifiee","7":"product_tag-brainbuilder","8":"product_tag-new-box","9":"product_abilities-dexterite","10":"product_abilities-mathematique","11":"product_abilities-observation-fr","12":"product_abilities-raisonnement-logique","13":"product_types-educatif","14":"product_types-enfants","16":"first","17":"instock","18":"taxable","19":"shipping-taxable","20":"purchasable","21":"product-type-simple"},"acf":[],"_links":{"self":[{"href":"https:\/\/foxmind.com\/fr\/wp-json\/wp\/v2\/product\/9117","targetHints":{"allow":["GET"]}}],"collection":[{"href":"https:\/\/foxmind.com\/fr\/wp-json\/wp\/v2\/product"}],"about":[{"href":"https:\/\/foxmind.com\/fr\/wp-json\/wp\/v2\/types\/product"}],"wp:featuredmedia":[{"embeddable":true,"href":"https:\/\/foxmind.com\/fr\/wp-json\/wp\/v2\/media\/12347"}],"wp:attachment":[{"href":"https:\/\/foxmind.com\/fr\/wp-json\/wp\/v2\/media?parent=9117"}],"wp:term":[{"taxonomy":"product_brand","embeddable":true,"href":"https:\/\/foxmind.com\/fr\/wp-json\/wp\/v2\/product_brand?post=9117"},{"taxonomy":"product_cat","embeddable":true,"href":"https:\/\/foxmind.com\/fr\/wp-json\/wp\/v2\/product_cat?post=9117"},{"taxonomy":"product_tag","embeddable":true,"href":"https:\/\/foxmind.com\/fr\/wp-json\/wp\/v2\/product_tag?post=9117"},{"taxonomy":"product_abilities","embeddable":true,"href":"https:\/\/foxmind.com\/fr\/wp-json\/wp\/v2\/product_abilities?post=9117"},{"taxonomy":"product_types","embeddable":true,"href":"https:\/\/foxmind.com\/fr\/wp-json\/wp\/v2\/product_types?post=9117"}],"curies":[{"name":"wp","href":"https:\/\/api.w.org\/{rel}","templated":true}]}}