{"id":9116,"date":"2023-03-20T10:50:40","date_gmt":"2023-03-20T14:50:40","guid":{"rendered":"https:\/\/foxmind.com\/product\/equilibrio\/"},"modified":"2026-04-16T13:21:03","modified_gmt":"2026-04-16T17:21:03","slug":"equilibrio","status":"publish","type":"product","link":"https:\/\/foxmind.com\/fr\/produit\/equilibrio\/","title":{"rendered":"Equilibrio"},"content":{"rendered":"<p>Les joueurs ont besoin de dext\u00e9rit\u00e9, d\u2019ing\u00e9niosit\u00e9 et de pers\u00e9v\u00e9rance pour r\u00e9ussir \u00e0 construire d\u2019\u00e9tonnantes structures verticales. D\u2019ailleurs, certaines structures peuvent para\u00eetre impossible \u00e0 r\u00e9aliser, mais avec un peu de planification, une touche de logique et de la t\u00e9nacit\u00e9, vous r\u00e9ussirez \u00e0 les terminer avec toute la satisfaction et la joie qu\u2019un tel accomplissement peut apporter. Equilibrio fait partie de la ligne Brain Builder qui comprend 4 jeux de visualisation spatiale o\u00f9 les joueurs progressent \u00e0 leur rythme \u00e0 travers une s\u00e9rie de puzzles qui deviennent de plus en plus difficiles. Les jeux comprennent le m\u00eame ensemble de Geoblocks et un livret de puzzle s\u00e9par\u00e9 en 6 niveaux de difficult\u00e9.<\/p>\n","protected":false},"excerpt":{"rendered":"<p>Nouvelle \u00c9dition! Usez de dext\u00e9rit\u00e9 et de pers\u00e9v\u00e9rance pour construire des structures verticales.<\/p>\n","protected":false},"featured_media":12407,"template":"","meta":{"_acf_changed":false,"wds_primary_product_brand":0,"wds_primary_product_cat":0,"wds_primary_product_abilities":0,"wds_primary_product_types":0},"product_brand":[],"product_cat":[111],"product_tag":[118,123,155],"product_abilities":[134,136,139],"product_types":[150,149],"class_list":{"0":"post-9116","1":"product","2":"type-product","3":"status-publish","4":"has-post-thumbnail","6":"product_cat-non-classifiee","7":"product_tag-brainbuilder","8":"product_tag-top-pick","9":"product_tag-new-box","10":"product_abilities-dexterite","11":"product_abilities-mathematique","12":"product_abilities-raisonnement-logique","13":"product_types-educatif","14":"product_types-enfants","16":"first","17":"instock","18":"taxable","19":"shipping-taxable","20":"purchasable","21":"product-type-simple"},"acf":[],"_links":{"self":[{"href":"https:\/\/foxmind.com\/fr\/wp-json\/wp\/v2\/product\/9116","targetHints":{"allow":["GET"]}}],"collection":[{"href":"https:\/\/foxmind.com\/fr\/wp-json\/wp\/v2\/product"}],"about":[{"href":"https:\/\/foxmind.com\/fr\/wp-json\/wp\/v2\/types\/product"}],"wp:featuredmedia":[{"embeddable":true,"href":"https:\/\/foxmind.com\/fr\/wp-json\/wp\/v2\/media\/12407"}],"wp:attachment":[{"href":"https:\/\/foxmind.com\/fr\/wp-json\/wp\/v2\/media?parent=9116"}],"wp:term":[{"taxonomy":"product_brand","embeddable":true,"href":"https:\/\/foxmind.com\/fr\/wp-json\/wp\/v2\/product_brand?post=9116"},{"taxonomy":"product_cat","embeddable":true,"href":"https:\/\/foxmind.com\/fr\/wp-json\/wp\/v2\/product_cat?post=9116"},{"taxonomy":"product_tag","embeddable":true,"href":"https:\/\/foxmind.com\/fr\/wp-json\/wp\/v2\/product_tag?post=9116"},{"taxonomy":"product_abilities","embeddable":true,"href":"https:\/\/foxmind.com\/fr\/wp-json\/wp\/v2\/product_abilities?post=9116"},{"taxonomy":"product_types","embeddable":true,"href":"https:\/\/foxmind.com\/fr\/wp-json\/wp\/v2\/product_types?post=9116"}],"curies":[{"name":"wp","href":"https:\/\/api.w.org\/{rel}","templated":true}]}}