{"id":9115,"date":"2023-03-20T10:50:40","date_gmt":"2023-03-20T14:56:09","guid":{"rendered":"https:\/\/foxmind.com\/product\/perspecto\/"},"modified":"2024-09-25T16:18:25","modified_gmt":"2024-09-25T20:18:25","slug":"perspecto","status":"publish","type":"product","link":"https:\/\/foxmind.com\/fr\/produit\/perspecto\/","title":{"rendered":"Perspecto &#8211; Discontinu\u00e9"},"content":{"rendered":"<p>Les joueurs doivent reconstruire des structures 3D bas\u00e9es sur des images 2D vues \u00e0 l\u2019horizontale. Le jeu prend toute son intensit\u00e9 apr\u00e8s qu\u2019on ait franchi les premiers niveaux de difficult\u00e9. Perspecto fait partie de la ligne Brain Builder qui comprend 4 jeux de visualisation spatiale dans lesquels les joueurs progressent \u00e0 leur rythme \u00e0 travers une s\u00e9rie de puzzles. Les jeux comprennent le m\u00eame ensemble de G\u00e9oblocks et un livret de puzzles regroup\u00e9s en 6 niveaux de difficult\u00e9. Il est recommand\u00e9 de jouer \u00e0 Perspecto apr\u00e8s les autres jeux de la ligne Brain Builder, puisque vous aurez appris dans les autres jeux des concepts que vous serez ici en mesure d\u2019appliquer plus ais\u00e9ment.<\/p>\n","protected":false},"excerpt":{"rendered":"<p>Nouvelle \u00c9dition! Construisez des structures 3D bas\u00e9es sur des images 2D vues \u00e0 l&rsquo;horizontale.<\/p>\n","protected":false},"featured_media":6068,"template":"","meta":{"_acf_changed":false,"wds_primary_product_brand":0,"wds_primary_product_cat":0,"wds_primary_product_abilities":0,"wds_primary_product_types":0},"product_brand":[],"product_cat":[111],"product_tag":[118,123,155],"product_abilities":[134,136,138,139],"product_types":[150,149],"class_list":{"0":"post-9115","1":"product","2":"type-product","3":"status-publish","4":"has-post-thumbnail","6":"product_cat-non-classifiee","7":"product_tag-brainbuilder","8":"product_tag-top-pick","9":"product_tag-new-box","10":"product_abilities-dexterite","11":"product_abilities-mathematique","12":"product_abilities-observation-fr","13":"product_abilities-raisonnement-logique","14":"product_types-educatif","15":"product_types-enfants","17":"first","18":"outofstock","19":"taxable","20":"shipping-taxable","21":"purchasable","22":"product-type-simple"},"acf":[],"_links":{"self":[{"href":"https:\/\/foxmind.com\/fr\/wp-json\/wp\/v2\/product\/9115","targetHints":{"allow":["GET"]}}],"collection":[{"href":"https:\/\/foxmind.com\/fr\/wp-json\/wp\/v2\/product"}],"about":[{"href":"https:\/\/foxmind.com\/fr\/wp-json\/wp\/v2\/types\/product"}],"wp:featuredmedia":[{"embeddable":true,"href":"https:\/\/foxmind.com\/fr\/wp-json\/wp\/v2\/media\/6068"}],"wp:attachment":[{"href":"https:\/\/foxmind.com\/fr\/wp-json\/wp\/v2\/media?parent=9115"}],"wp:term":[{"taxonomy":"product_brand","embeddable":true,"href":"https:\/\/foxmind.com\/fr\/wp-json\/wp\/v2\/product_brand?post=9115"},{"taxonomy":"product_cat","embeddable":true,"href":"https:\/\/foxmind.com\/fr\/wp-json\/wp\/v2\/product_cat?post=9115"},{"taxonomy":"product_tag","embeddable":true,"href":"https:\/\/foxmind.com\/fr\/wp-json\/wp\/v2\/product_tag?post=9115"},{"taxonomy":"product_abilities","embeddable":true,"href":"https:\/\/foxmind.com\/fr\/wp-json\/wp\/v2\/product_abilities?post=9115"},{"taxonomy":"product_types","embeddable":true,"href":"https:\/\/foxmind.com\/fr\/wp-json\/wp\/v2\/product_types?post=9115"}],"curies":[{"name":"wp","href":"https:\/\/api.w.org\/{rel}","templated":true}]}}