{"id":9114,"date":"2023-03-20T10:50:40","date_gmt":"2023-03-20T14:50:40","guid":{"rendered":"https:\/\/foxmind.com\/product\/tangramino\/"},"modified":"2026-03-09T14:15:11","modified_gmt":"2026-03-09T18:15:11","slug":"tangramino","status":"publish","type":"product","link":"https:\/\/foxmind.com\/fr\/produit\/tangramino\/","title":{"rendered":"Tangramino"},"content":{"rendered":"<p>Les joueurs doivent reproduire des images 2D en utilisant les Geoblocks. Que ce soit un simple chat ou une maison, jusqu\u2019\u00e0 des formes tr\u00e8s complexes, vous devez trouver un moyen de regrouper ensemble tous les Geoblocks afin de r\u00e9aliser le dessin demand\u00e9. Tangramino fait partie de la ligne Brain Builder qui comprend 4 jeux de visualisation spatiale o\u00f9 les joueurs progressent \u00e0 leur rythme \u00e0 travers une s\u00e9rie de puzzles qui deviennent de plus en plus difficiles. Les jeux comprennent le m\u00eame ensemble de Geoblocks et un livret de puzzle s\u00e9par\u00e9 en 6 niveaux de difficult\u00e9s.<\/p>\n","protected":false},"excerpt":{"rendered":"<p>Nouvelle \u00c9dition! Reproduisez des images 2D en utilisant les Geoblocks. Que ce soit un simple chat ou une maison!<\/p>\n","protected":false},"featured_media":6053,"template":"","meta":{"_acf_changed":false,"wds_primary_product_brand":0,"wds_primary_product_cat":0,"wds_primary_product_abilities":0,"wds_primary_product_types":0},"product_brand":[],"product_cat":[111],"product_tag":[118,123,155],"product_abilities":[134,136,138,139],"product_types":[150,149],"class_list":{"0":"post-9114","1":"product","2":"type-product","3":"status-publish","4":"has-post-thumbnail","6":"product_cat-non-classifiee","7":"product_tag-brainbuilder","8":"product_tag-top-pick","9":"product_tag-new-box","10":"product_abilities-dexterite","11":"product_abilities-mathematique","12":"product_abilities-observation-fr","13":"product_abilities-raisonnement-logique","14":"product_types-educatif","15":"product_types-enfants","17":"first","18":"instock","19":"taxable","20":"shipping-taxable","21":"purchasable","22":"product-type-simple"},"acf":[],"_links":{"self":[{"href":"https:\/\/foxmind.com\/fr\/wp-json\/wp\/v2\/product\/9114","targetHints":{"allow":["GET"]}}],"collection":[{"href":"https:\/\/foxmind.com\/fr\/wp-json\/wp\/v2\/product"}],"about":[{"href":"https:\/\/foxmind.com\/fr\/wp-json\/wp\/v2\/types\/product"}],"wp:featuredmedia":[{"embeddable":true,"href":"https:\/\/foxmind.com\/fr\/wp-json\/wp\/v2\/media\/6053"}],"wp:attachment":[{"href":"https:\/\/foxmind.com\/fr\/wp-json\/wp\/v2\/media?parent=9114"}],"wp:term":[{"taxonomy":"product_brand","embeddable":true,"href":"https:\/\/foxmind.com\/fr\/wp-json\/wp\/v2\/product_brand?post=9114"},{"taxonomy":"product_cat","embeddable":true,"href":"https:\/\/foxmind.com\/fr\/wp-json\/wp\/v2\/product_cat?post=9114"},{"taxonomy":"product_tag","embeddable":true,"href":"https:\/\/foxmind.com\/fr\/wp-json\/wp\/v2\/product_tag?post=9114"},{"taxonomy":"product_abilities","embeddable":true,"href":"https:\/\/foxmind.com\/fr\/wp-json\/wp\/v2\/product_abilities?post=9114"},{"taxonomy":"product_types","embeddable":true,"href":"https:\/\/foxmind.com\/fr\/wp-json\/wp\/v2\/product_types?post=9114"}],"curies":[{"name":"wp","href":"https:\/\/api.w.org\/{rel}","templated":true}]}}