{"id":9109,"date":"2023-03-20T10:50:40","date_gmt":"2023-03-20T14:56:09","guid":{"rendered":"https:\/\/foxmind.com\/product\/kulami\/"},"modified":"2025-02-20T11:18:22","modified_gmt":"2025-02-20T16:18:22","slug":"kulami","status":"publish","type":"product","link":"https:\/\/foxmind.com\/fr\/produit\/kulami\/","title":{"rendered":"Kulami &#8211; Discontinu\u00e9"},"content":{"rendered":"<p>Kulami est un jeu simple et \u00e9l\u00e9gant pour 2 joueurs. Assemblez les tuiles en bois pour cr\u00e9er un plateau diff\u00e9rent \u00e0 chaque partie. Les joueurs, \u00e0 leur tour, placent une bille pour tenter de contr\u00f4ler chacune des tuiles. Soyez rus\u00e9s et limitez les prochains coups de votre adversaire afin de vous assurer une brillante victoire. Par la qualit\u00e9 des tuiles en bois et la beaut\u00e9 naturelle des billes rouges et noires, Kulami propose aux joueurs une exp\u00e9rience de jeu m\u00e9ditative.<\/p>\n","protected":false},"excerpt":{"rendered":"<p>Kulami est un jeu simple et \u00e9l\u00e9gant qui propose aux joueurs une exp\u00e9rience de jeu m\u00e9ditative.<\/p>\n","protected":false},"featured_media":6109,"template":"","meta":{"_acf_changed":false,"wds_primary_product_brand":0,"wds_primary_product_cat":0,"wds_primary_product_abilities":0,"wds_primary_product_types":0},"product_brand":[],"product_cat":[111],"product_tag":[123,155],"product_abilities":[136,138,139],"product_types":[148,151],"class_list":{"0":"post-9109","1":"product","2":"type-product","3":"status-publish","4":"has-post-thumbnail","6":"product_cat-non-classifiee","7":"product_tag-top-pick","8":"product_tag-new-box","9":"product_abilities-mathematique","10":"product_abilities-observation-fr","11":"product_abilities-raisonnement-logique","12":"product_types-famille","13":"product_types-strategie","15":"first","16":"outofstock","17":"taxable","18":"shipping-taxable","19":"purchasable","20":"product-type-simple"},"acf":[],"_links":{"self":[{"href":"https:\/\/foxmind.com\/fr\/wp-json\/wp\/v2\/product\/9109","targetHints":{"allow":["GET"]}}],"collection":[{"href":"https:\/\/foxmind.com\/fr\/wp-json\/wp\/v2\/product"}],"about":[{"href":"https:\/\/foxmind.com\/fr\/wp-json\/wp\/v2\/types\/product"}],"wp:featuredmedia":[{"embeddable":true,"href":"https:\/\/foxmind.com\/fr\/wp-json\/wp\/v2\/media\/6109"}],"wp:attachment":[{"href":"https:\/\/foxmind.com\/fr\/wp-json\/wp\/v2\/media?parent=9109"}],"wp:term":[{"taxonomy":"product_brand","embeddable":true,"href":"https:\/\/foxmind.com\/fr\/wp-json\/wp\/v2\/product_brand?post=9109"},{"taxonomy":"product_cat","embeddable":true,"href":"https:\/\/foxmind.com\/fr\/wp-json\/wp\/v2\/product_cat?post=9109"},{"taxonomy":"product_tag","embeddable":true,"href":"https:\/\/foxmind.com\/fr\/wp-json\/wp\/v2\/product_tag?post=9109"},{"taxonomy":"product_abilities","embeddable":true,"href":"https:\/\/foxmind.com\/fr\/wp-json\/wp\/v2\/product_abilities?post=9109"},{"taxonomy":"product_types","embeddable":true,"href":"https:\/\/foxmind.com\/fr\/wp-json\/wp\/v2\/product_types?post=9109"}],"curies":[{"name":"wp","href":"https:\/\/api.w.org\/{rel}","templated":true}]}}