{"id":9106,"date":"2023-03-20T10:50:40","date_gmt":"2023-03-20T14:56:09","guid":{"rendered":"https:\/\/foxmind.com\/product\/manhattan\/"},"modified":"2024-09-20T14:07:53","modified_gmt":"2024-09-20T18:07:53","slug":"manhattan","status":"publish","type":"product","link":"https:\/\/foxmind.com\/fr\/produit\/manhattan\/","title":{"rendered":"Manhattan"},"content":{"rendered":"<p>Lancez-vous dans la construction fr\u00e9n\u00e9tique de gratte-ciels pour atteindre les plus hauts sommets du march\u00e9 immobilier! Prenez le contr\u00f4le des grandes villes et obtenez du prestige en b\u00e2tissant le plus haut building au monde! \u00c0 votre tour, vous pouvez renforcir vos b\u00e2timents, construire sur un nouveau site ou prendre possession d\u2019un \u00e9difice appartenant \u00e0 un joueur adverse. Choisissez la strat\u00e9gie la plus <em>constructive <\/em>et devenez le magnat incontest\u00e9 du nouveau Manhattan!<\/p>\n","protected":false},"excerpt":{"rendered":"<p>Lancez-vous dans la construction fr\u00e9n\u00e9tique de gratte-ciels pour atteindre les sommets du march\u00e9 immobilier!<\/p>\n","protected":false},"featured_media":968,"template":"","meta":{"_acf_changed":false,"wds_primary_product_brand":0,"wds_primary_product_cat":0,"wds_primary_product_abilities":0,"wds_primary_product_types":0},"product_brand":[],"product_cat":[111],"product_tag":[155],"product_abilities":[135,138,139],"product_types":[148,151],"class_list":{"0":"post-9106","1":"product","2":"type-product","3":"status-publish","4":"has-post-thumbnail","6":"product_cat-non-classifiee","7":"product_tag-new-box","8":"product_abilities-interaction-sociale","9":"product_abilities-observation-fr","10":"product_abilities-raisonnement-logique","11":"product_types-famille","12":"product_types-strategie","14":"first","15":"instock","16":"taxable","17":"shipping-taxable","18":"purchasable","19":"product-type-simple"},"acf":[],"_links":{"self":[{"href":"https:\/\/foxmind.com\/fr\/wp-json\/wp\/v2\/product\/9106","targetHints":{"allow":["GET"]}}],"collection":[{"href":"https:\/\/foxmind.com\/fr\/wp-json\/wp\/v2\/product"}],"about":[{"href":"https:\/\/foxmind.com\/fr\/wp-json\/wp\/v2\/types\/product"}],"wp:featuredmedia":[{"embeddable":true,"href":"https:\/\/foxmind.com\/fr\/wp-json\/wp\/v2\/media\/968"}],"wp:attachment":[{"href":"https:\/\/foxmind.com\/fr\/wp-json\/wp\/v2\/media?parent=9106"}],"wp:term":[{"taxonomy":"product_brand","embeddable":true,"href":"https:\/\/foxmind.com\/fr\/wp-json\/wp\/v2\/product_brand?post=9106"},{"taxonomy":"product_cat","embeddable":true,"href":"https:\/\/foxmind.com\/fr\/wp-json\/wp\/v2\/product_cat?post=9106"},{"taxonomy":"product_tag","embeddable":true,"href":"https:\/\/foxmind.com\/fr\/wp-json\/wp\/v2\/product_tag?post=9106"},{"taxonomy":"product_abilities","embeddable":true,"href":"https:\/\/foxmind.com\/fr\/wp-json\/wp\/v2\/product_abilities?post=9106"},{"taxonomy":"product_types","embeddable":true,"href":"https:\/\/foxmind.com\/fr\/wp-json\/wp\/v2\/product_types?post=9106"}],"curies":[{"name":"wp","href":"https:\/\/api.w.org\/{rel}","templated":true}]}}