{"id":12543,"date":"2025-11-12T09:27:57","date_gmt":"2025-11-12T14:27:57","guid":{"rendered":"https:\/\/foxmind.com\/?page_id=12543"},"modified":"2025-11-12T09:27:57","modified_gmt":"2025-11-12T14:27:57","slug":"demande-de-compte-client","status":"publish","type":"page","link":"https:\/\/foxmind.com\/fr\/demande-de-compte-client\/","title":{"rendered":"Demande de compte client"},"content":{"rendered":"<div class=\"woocommerce-notices-wrapper\"><\/div><div class=\"woocommerce-notices-wrapper\"><\/div>    <div class=\"u-columns customer-register\" id=\"customer_login\">\n\n        <div class=\"u-column1 col-1\">\n\n  <h2>\n    Informations client  <\/h2>\n\n  <form method=\"post\" class=\"woocommerce-form woocommerce-form-register register\" >\n    \n    \n    <p class=\"woocommerce-form-row woocommerce-form-row--wide form-row form-row-wide\">\n      <label for=\"country_orig\">\n        Pays        &nbsp;<span class=\"required\">*<\/span>\n      <\/label>\n      <select name=\"country_cust\" id=\"country_orig\">\n                <option value=\"cad\" >Canada<\/option>\n              <\/select>\n    <\/p>\n\n    <p class=\"woocommerce-form-row woocommerce-form-row--wide form-row form-row-wide\">\n      <label for=\"reg_email\">Adresse courriel&nbsp;<span class=\"required\">*<\/span><\/label>\n      <input type=\"email\" class=\"woocommerce-Input woocommerce-Input--text input-text\" name=\"email\" id=\"reg_email\" autocomplete=\"email\"\n        value=\"\" \/>\n    <\/p>\n\n          <p class=\"woocommerce-form-row woocommerce-form-row--wide form-row form-row-wide\">\n        <label for=\"reg_password\">Mot de passe&nbsp;<span class=\"required\">*<\/span><\/label>\n        <input type=\"password\" class=\"woocommerce-Input woocommerce-Input--text input-text\" name=\"password\" id=\"reg_password\" autocomplete=\"new-password\" \/>\n      <\/p>\n    \n    <wc-order-attribution-inputs><\/wc-order-attribution-inputs><div class=\"woocommerce-privacy-policy-text\"><p>Vos donn\u00e9es personnelles seront utilis\u00e9es pour am\u00e9liorer votre exp\u00e9rience sur ce site Web, pour g\u00e9rer l'acc\u00e8s \u00e0 votre compte et \u00e0 d'autres fins d\u00e9crites dans notre <a href=\"https:\/\/foxmind.com\/privacy-policy\/\" class=\"woocommerce-privacy-policy-link\" target=\"_blank\">politique de confidentialit\u00e9<\/a>.<\/p>\n<\/div>\n    <p class=\"woocommerce-form-row form-row\">\n      <input type=\"hidden\" id=\"woocommerce-register-nonce\" name=\"woocommerce-register-nonce\" value=\"cff3e29727\" \/><input type=\"hidden\" name=\"_wp_http_referer\" value=\"\/fr\/wp-json\/wp\/v2\/pages\/12543\" \/>      <button type=\"submit\"\n        class=\"woocommerce-Button woocommerce-button button woocommerce-form-register__submit\"\n        name=\"register\" value=\"S&#039;inscrire\">S&#039;inscrire<\/button>\n    <\/p>\n\n      <\/form>\n<\/div>\n<\/div>\n\n  \n","protected":false},"excerpt":{"rendered":"","protected":false},"author":1,"featured_media":0,"parent":0,"menu_order":0,"comment_status":"closed","ping_status":"closed","template":"","meta":{"_acf_changed":false,"footnotes":""},"class_list":["post-12543","page","type-page","status-publish","hentry"],"acf":[],"_links":{"self":[{"href":"https:\/\/foxmind.com\/fr\/wp-json\/wp\/v2\/pages\/12543","targetHints":{"allow":["GET"]}}],"collection":[{"href":"https:\/\/foxmind.com\/fr\/wp-json\/wp\/v2\/pages"}],"about":[{"href":"https:\/\/foxmind.com\/fr\/wp-json\/wp\/v2\/types\/page"}],"author":[{"embeddable":true,"href":"https:\/\/foxmind.com\/fr\/wp-json\/wp\/v2\/users\/1"}],"replies":[{"embeddable":true,"href":"https:\/\/foxmind.com\/fr\/wp-json\/wp\/v2\/comments?post=12543"}],"version-history":[{"count":2,"href":"https:\/\/foxmind.com\/fr\/wp-json\/wp\/v2\/pages\/12543\/revisions"}],"predecessor-version":[{"id":12558,"href":"https:\/\/foxmind.com\/fr\/wp-json\/wp\/v2\/pages\/12543\/revisions\/12558"}],"wp:attachment":[{"href":"https:\/\/foxmind.com\/fr\/wp-json\/wp\/v2\/media?parent=12543"}],"curies":[{"name":"wp","href":"https:\/\/api.w.org\/{rel}","templated":true}]}}