{"id":11250,"date":"2024-12-05T10:25:33","date_gmt":"2024-12-05T15:25:33","guid":{"rendered":"https:\/\/foxmind.com\/?page_id=11250"},"modified":"2024-12-05T14:09:50","modified_gmt":"2024-12-05T19:09:50","slug":"documents","status":"publish","type":"page","link":"https:\/\/foxmind.com\/fr\/documents\/","title":{"rendered":"Documents"},"content":{"rendered":"<p>Cette section vous donne un acc\u00e8s exclusif \u00e0 notre banque d&rsquo;images, nos fiches de vente et nos livrets de r\u00e8gles. Ces documents sont la propri\u00e9t\u00e9 de FoxMind et peuvent servir pour la mise en valeur de nos produits en ligne et en boutique. Pour toute autre requ\u00eate de contenu promotionnel, veuillez contacter <a href=\"mailto:graphics1@foxmind.com\">graphics1@foxmind.com<\/a> .<\/p>\n<div class=\"su-spacer\" style=\"height:20px\"><\/div>\n<div class=\"su-row\"><\/div>\n<h3><span style=\"color: #00ccff;\">Banque d'images<\/span><\/h3>\n<div class=\"su-row\"><\/div>\n<div class=\"su-custom-gallery su-custom-gallery-align-center su-custom-gallery-title-hover match madness line su-lightbox-gallery\"><div class=\"su-custom-gallery-slide\" style=\"width:120px;height:120px\"><a href=\"https:\/\/foxmind.com\/wp-content\/uploads\/2019\/09\/match_madness-foxmind_00.png\" target=\"_blank\" title=\"match_madness-foxmind_00\"><img loading=\"lazy\" decoding=\"async\" src=\"https:\/\/foxmind.com\/wp-content\/uploads\/2019\/09\/match_madness-foxmind_00-120x120.png\" alt=\"match_madness-foxmind_00\" width=\"120\" height=\"120\" \/><span class=\"su-custom-gallery-title\">match_madness-foxmind_00<\/span><\/a><\/div><div class=\"su-custom-gallery-slide\" style=\"width:120px;height:120px\"><a href=\"https:\/\/foxmind.com\/wp-content\/uploads\/2024\/02\/match-madness-junior-foxmind_00.png\" target=\"_blank\" title=\"match-madness-junior-foxmind_00\"><img loading=\"lazy\" decoding=\"async\" src=\"https:\/\/foxmind.com\/wp-content\/uploads\/2024\/02\/match-madness-junior-foxmind_00-120x120.png\" alt=\"match-madness-junior-foxmind_00\" width=\"120\" height=\"120\" \/><span class=\"su-custom-gallery-title\">match-madness-junior-foxmind_00<\/span><\/a><\/div><div class=\"su-custom-gallery-slide\" style=\"width:120px;height:120px\"><a href=\"https:\/\/foxmind.com\/wp-content\/uploads\/2022\/05\/match-madness-duo-foxmind_00.png\" target=\"_blank\" title=\"match-madness-duo-foxmind_00\"><img loading=\"lazy\" decoding=\"async\" src=\"https:\/\/foxmind.com\/wp-content\/uploads\/2022\/05\/match-madness-duo-foxmind_00-120x120.png\" alt=\"match-madness-duo-foxmind_00\" width=\"120\" height=\"120\" \/><span class=\"su-custom-gallery-title\">match-madness-duo-foxmind_00<\/span><\/a><\/div><div class=\"su-custom-gallery-slide\" style=\"width:120px;height:120px\"><a href=\"https:\/\/foxmind.com\/wp-content\/uploads\/2020\/04\/FM_MatchMadnessExtreme_BoxRender_EN.png\" target=\"_blank\" title=\"FM_MatchMadnessExtreme_BoxRender_EN\"><img loading=\"lazy\" decoding=\"async\" src=\"https:\/\/foxmind.com\/wp-content\/uploads\/2020\/04\/FM_MatchMadnessExtreme_BoxRender_EN-120x120.png\" alt=\"FM_MatchMadnessExtreme_BoxRender_EN\" width=\"120\" height=\"120\" \/><span class=\"su-custom-gallery-title\">FM_MatchMadnessExtreme_BoxRender_EN<\/span><\/a><\/div><div class=\"su-clear\"><\/div><\/div>\n<div class=\"su-custom-gallery su-custom-gallery-align-center su-custom-gallery-title-hover sweets collection su-lightbox-gallery\"><div class=\"su-custom-gallery-slide\" style=\"width:120px;height:120px\"><a href=\"https:\/\/foxmind.com\/wp-content\/uploads\/2022\/10\/chocoly-foxmind_00-1.png\" target=\"_blank\" title=\"chocoly-foxmind_00\"><img loading=\"lazy\" decoding=\"async\" src=\"https:\/\/foxmind.com\/wp-content\/uploads\/2022\/10\/chocoly-foxmind_00-1-120x120.png\" alt=\"chocoly-foxmind_00\" width=\"120\" height=\"120\" \/><span class=\"su-custom-gallery-title\">chocoly-foxmind_00<\/span><\/a><\/div><div class=\"su-custom-gallery-slide\" style=\"width:120px;height:120px\"><a href=\"https:\/\/foxmind.com\/wp-content\/uploads\/2019\/09\/FM_ConeZilla_3DBoxRender_2023-scaled.png\" target=\"_blank\" title=\"FM_ConeZilla_3DBoxRender_2023\"><img loading=\"lazy\" decoding=\"async\" src=\"https:\/\/foxmind.com\/wp-content\/uploads\/2019\/09\/FM_ConeZilla_3DBoxRender_2023-scaled.png\" alt=\"FM_ConeZilla_3DBoxRender_2023\" width=\"120\" height=\"120\" \/><span class=\"su-custom-gallery-title\">FM_ConeZilla_3DBoxRender_2023<\/span><\/a><\/div><div class=\"su-custom-gallery-slide\" style=\"width:120px;height:120px\"><a href=\"https:\/\/foxmind.com\/wp-content\/uploads\/2024\/05\/donuts_by_the_dozen-foxmind_00-2.png\" target=\"_blank\" title=\"donuts_by_the_dozen-foxmind_00\"><img loading=\"lazy\" decoding=\"async\" src=\"https:\/\/foxmind.com\/wp-content\/uploads\/2024\/05\/donuts_by_the_dozen-foxmind_00-2-120x120.png\" alt=\"donuts_by_the_dozen-foxmind_00\" width=\"120\" height=\"120\" \/><span class=\"su-custom-gallery-title\">donuts_by_the_dozen-foxmind_00<\/span><\/a><\/div><div class=\"su-custom-gallery-slide\" style=\"width:120px;height:120px\"><a href=\"https:\/\/foxmind.com\/wp-content\/uploads\/2024\/02\/icing-on-the-cake-foxmind_00.png\" target=\"_blank\" title=\"icing-on-the-cake-foxmind_00\"><img loading=\"lazy\" decoding=\"async\" src=\"https:\/\/foxmind.com\/wp-content\/uploads\/2024\/02\/icing-on-the-cake-foxmind_00-120x120.png\" alt=\"icing-on-the-cake-foxmind_00\" width=\"120\" height=\"120\" \/><span class=\"su-custom-gallery-title\">icing-on-the-cake-foxmind_00<\/span><\/a><\/div><div class=\"su-clear\"><\/div><\/div>\n<div class=\"su-custom-gallery su-custom-gallery-align-center su-custom-gallery-title-hover sports dice collection su-lightbox-gallery\"><div class=\"su-custom-gallery-slide\" style=\"width:120px;height:120px\"><a href=\"https:\/\/foxmind.com\/wp-content\/uploads\/2024\/11\/sports-dice-basketball-foxmind_00.png\" target=\"_blank\" title=\"sports-dice-basketball-foxmind_00\"><img loading=\"lazy\" decoding=\"async\" src=\"https:\/\/foxmind.com\/wp-content\/uploads\/2024\/11\/sports-dice-basketball-foxmind_00-120x120.png\" alt=\"sports-dice-basketball-foxmind_00\" width=\"120\" height=\"120\" \/><span class=\"su-custom-gallery-title\">sports-dice-basketball-foxmind_00<\/span><\/a><\/div><div class=\"su-custom-gallery-slide\" style=\"width:120px;height:120px\"><a href=\"https:\/\/foxmind.com\/wp-content\/uploads\/2023\/10\/sports-dice-hockey-2024-foxmind_00.png\" target=\"_blank\" title=\"sports-dice-hockey-2024-foxmind_00\"><img loading=\"lazy\" decoding=\"async\" src=\"https:\/\/foxmind.com\/wp-content\/uploads\/2023\/10\/sports-dice-hockey-2024-foxmind_00-120x120.png\" alt=\"sports-dice-hockey-2024-foxmind_00\" width=\"120\" height=\"120\" \/><span class=\"su-custom-gallery-title\">sports-dice-hockey-2024-foxmind_00<\/span><\/a><\/div><div class=\"su-custom-gallery-slide\" style=\"width:120px;height:120px\"><a href=\"https:\/\/foxmind.com\/wp-content\/uploads\/2019\/09\/sports-dice-football-2024-foxmind_00.png\" target=\"_blank\" title=\"sports-dice-football-2024-foxmind_00\"><img loading=\"lazy\" decoding=\"async\" src=\"https:\/\/foxmind.com\/wp-content\/uploads\/2019\/09\/sports-dice-football-2024-foxmind_00-120x120.png\" alt=\"sports-dice-football-2024-foxmind_00\" width=\"120\" height=\"120\" \/><span class=\"su-custom-gallery-title\">sports-dice-football-2024-foxmind_00<\/span><\/a><\/div><div class=\"su-custom-gallery-slide\" style=\"width:120px;height:120px\"><a href=\"https:\/\/foxmind.com\/wp-content\/uploads\/2019\/09\/sports-dice-baseball-2024-foxmind_00.png\" target=\"_blank\" title=\"sports-dice-baseball-2024-foxmind_00\"><img loading=\"lazy\" decoding=\"async\" src=\"https:\/\/foxmind.com\/wp-content\/uploads\/2019\/09\/sports-dice-baseball-2024-foxmind_00-120x120.png\" alt=\"sports-dice-baseball-2024-foxmind_00\" width=\"120\" height=\"120\" \/><span class=\"su-custom-gallery-title\">sports-dice-baseball-2024-foxmind_00<\/span><\/a><\/div><div class=\"su-custom-gallery-slide\" style=\"width:120px;height:120px\"><a href=\"https:\/\/foxmind.com\/wp-content\/uploads\/2022\/03\/sports-dice-soccer-2024-foxmind_00.png\" target=\"_blank\" title=\"sports-dice-soccer-2024-foxmind_00\"><img loading=\"lazy\" decoding=\"async\" src=\"https:\/\/foxmind.com\/wp-content\/uploads\/2022\/03\/sports-dice-soccer-2024-foxmind_00-120x120.png\" alt=\"sports-dice-soccer-2024-foxmind_00\" width=\"120\" height=\"120\" \/><span class=\"su-custom-gallery-title\">sports-dice-soccer-2024-foxmind_00<\/span><\/a><\/div><div class=\"su-clear\"><\/div><\/div>\n<div class=\"su-custom-gallery su-custom-gallery-align-center su-custom-gallery-title-hover fairytale line su-lightbox-gallery\"><div class=\"su-custom-gallery-slide\" style=\"width:120px;height:120px\"><a href=\"https:\/\/foxmind.com\/wp-content\/uploads\/2024\/02\/alice-in-wonderland-foxmind_00.png\" target=\"_blank\" title=\"alice-in-wonderland-foxmind_00\"><img loading=\"lazy\" decoding=\"async\" src=\"https:\/\/foxmind.com\/wp-content\/uploads\/2024\/02\/alice-in-wonderland-foxmind_00-120x120.png\" alt=\"alice-in-wonderland-foxmind_00\" width=\"120\" height=\"120\" \/><span class=\"su-custom-gallery-title\">alice-in-wonderland-foxmind_00<\/span><\/a><\/div><div class=\"su-custom-gallery-slide\" style=\"width:120px;height:120px\"><a href=\"https:\/\/foxmind.com\/wp-content\/uploads\/2022\/11\/hanselgretel-foxmind_00.png\" target=\"_blank\" title=\"hansel&#038;gretel-foxmind_00\"><img loading=\"lazy\" decoding=\"async\" src=\"https:\/\/foxmind.com\/wp-content\/uploads\/2022\/11\/hanselgretel-foxmind_00-120x120.png\" alt=\"hansel&#038;gretel-foxmind_00\" width=\"120\" height=\"120\" \/><span class=\"su-custom-gallery-title\">hansel&#038;gretel-foxmind_00<\/span><\/a><\/div><div class=\"su-custom-gallery-slide\" style=\"width:120px;height:120px\"><a href=\"https:\/\/foxmind.com\/wp-content\/uploads\/2022\/11\/cinderella-foxmind_00.png\" target=\"_blank\" title=\"cinderella-foxmind_00\"><img loading=\"lazy\" decoding=\"async\" src=\"https:\/\/foxmind.com\/wp-content\/uploads\/2022\/11\/cinderella-foxmind_00-120x120.png\" alt=\"cinderella-foxmind_00\" width=\"120\" height=\"120\" \/><span class=\"su-custom-gallery-title\">cinderella-foxmind_00<\/span><\/a><\/div><div class=\"su-clear\"><\/div><\/div>\n<div class=\"su-custom-gallery su-custom-gallery-align-center su-custom-gallery-title-hover Brain Builders line su-lightbox-gallery\"><div class=\"su-custom-gallery-slide\" style=\"width:120px;height:120px\"><a href=\"https:\/\/foxmind.com\/wp-content\/uploads\/2019\/10\/ARCHITECTO-1-scaled.png\" target=\"_blank\" title=\"ARCHITECTO\"><img loading=\"lazy\" decoding=\"async\" src=\"https:\/\/foxmind.com\/wp-content\/uploads\/2019\/10\/ARCHITECTO-1-scaled.png\" alt=\"ARCHITECTO\" width=\"120\" height=\"120\" \/><span class=\"su-custom-gallery-title\">ARCHITECTO<\/span><\/a><\/div><div class=\"su-custom-gallery-slide\" style=\"width:120px;height:120px\"><a href=\"https:\/\/foxmind.com\/wp-content\/uploads\/2019\/10\/equilibrio-foxmind_00.png\" target=\"_blank\" title=\"equilibrio-foxmind_00\"><img loading=\"lazy\" decoding=\"async\" src=\"https:\/\/foxmind.com\/wp-content\/uploads\/2019\/10\/equilibrio-foxmind_00-120x120.png\" alt=\"equilibrio-foxmind_00\" width=\"120\" height=\"120\" \/><span class=\"su-custom-gallery-title\">equilibrio-foxmind_00<\/span><\/a><\/div><div class=\"su-custom-gallery-slide\" style=\"width:120px;height:120px\"><a href=\"https:\/\/foxmind.com\/wp-content\/uploads\/2019\/10\/TANGRAMINO_CSL.png\" target=\"_blank\" title=\"TANGRAMINO_CSL\"><img loading=\"lazy\" decoding=\"async\" src=\"https:\/\/foxmind.com\/wp-content\/uploads\/2019\/10\/TANGRAMINO_CSL-120x120.png\" alt=\"TANGRAMINO_CSL\" width=\"120\" height=\"120\" \/><span class=\"su-custom-gallery-title\">TANGRAMINO_CSL<\/span><\/a><\/div><div class=\"su-custom-gallery-slide\" style=\"width:120px;height:120px\"><a href=\"https:\/\/foxmind.com\/wp-content\/uploads\/2019\/10\/perspecto-foxmind_00.png\" target=\"_blank\" title=\"perspecto-foxmind_00\"><img loading=\"lazy\" decoding=\"async\" src=\"https:\/\/foxmind.com\/wp-content\/uploads\/2019\/10\/perspecto-foxmind_00-120x120.png\" alt=\"perspecto-foxmind_00\" width=\"120\" height=\"120\" \/><span class=\"su-custom-gallery-title\">perspecto-foxmind_00<\/span><\/a><\/div><div class=\"su-custom-gallery-slide\" style=\"width:120px;height:120px\"><a href=\"https:\/\/foxmind.com\/wp-content\/uploads\/2019\/10\/metaforms-foxmind_00.png\" target=\"_blank\" title=\"metaforms-foxmind_00\"><img loading=\"lazy\" decoding=\"async\" src=\"https:\/\/foxmind.com\/wp-content\/uploads\/2019\/10\/metaforms-foxmind_00-120x120.png\" alt=\"metaforms-foxmind_00\" width=\"120\" height=\"120\" \/><span class=\"su-custom-gallery-title\">metaforms-foxmind_00<\/span><\/a><\/div><div class=\"su-custom-gallery-slide\" style=\"width:120px;height:120px\"><a href=\"https:\/\/foxmind.com\/wp-content\/uploads\/2019\/10\/smart-cookies-foxmind_00.png\" target=\"_blank\" title=\"smart-cookies-foxmind_00\"><img loading=\"lazy\" decoding=\"async\" src=\"https:\/\/foxmind.com\/wp-content\/uploads\/2019\/10\/smart-cookies-foxmind_00-120x120.png\" alt=\"smart-cookies-foxmind_00\" width=\"120\" height=\"120\" \/><span class=\"su-custom-gallery-title\">smart-cookies-foxmind_00<\/span><\/a><\/div><div class=\"su-clear\"><\/div><\/div>\n<div class=\"su-custom-gallery su-custom-gallery-align-center su-custom-gallery-title-hover MotsRapido MotsRapidoTwist su-lightbox-gallery\"><div class=\"su-custom-gallery-slide\" style=\"width:120px;height:120px\"><a href=\"https:\/\/foxmind.com\/wp-content\/uploads\/2019\/09\/MotsRapido_2020_02.png\" target=\"_blank\" title=\"MotsRapido_2020_02\"><img loading=\"lazy\" decoding=\"async\" src=\"https:\/\/foxmind.com\/wp-content\/uploads\/2019\/09\/MotsRapido_2020_02-120x120.png\" alt=\"MotsRapido_2020_02\" width=\"120\" height=\"120\" \/><span class=\"su-custom-gallery-title\">MotsRapido_2020_02<\/span><\/a><\/div><div class=\"su-custom-gallery-slide\" style=\"width:120px;height:120px\"><a href=\"https:\/\/foxmind.com\/wp-content\/uploads\/2022\/09\/mots-rapido-twist-foxmind_00.png\" target=\"_blank\" title=\"mots-rapido-twist-foxmind_00\"><img loading=\"lazy\" decoding=\"async\" src=\"https:\/\/foxmind.com\/wp-content\/uploads\/2022\/09\/mots-rapido-twist-foxmind_00-120x120.png\" alt=\"mots-rapido-twist-foxmind_00\" width=\"120\" height=\"120\" \/><span class=\"su-custom-gallery-title\">mots-rapido-twist-foxmind_00<\/span><\/a><\/div><div class=\"su-clear\"><\/div><\/div>\n<div class=\"su-custom-gallery su-custom-gallery-align-center su-custom-gallery-title-hover ClacMotsBlister ClacMots ClacBluff su-lightbox-gallery\"><div class=\"su-custom-gallery-slide\" style=\"width:120px;height:120px\"><a href=\"https:\/\/foxmind.com\/wp-content\/uploads\/2024\/09\/clac-mots-blister-foxmind_00.png\" target=\"_blank\" title=\"clac-mots-blister-foxmind_00\"><img loading=\"lazy\" decoding=\"async\" src=\"https:\/\/foxmind.com\/wp-content\/uploads\/2024\/09\/clac-mots-blister-foxmind_00-120x120.png\" alt=\"clac-mots-blister-foxmind_00\" width=\"120\" height=\"120\" \/><span class=\"su-custom-gallery-title\">clac-mots-blister-foxmind_00<\/span><\/a><\/div><div class=\"su-custom-gallery-slide\" style=\"width:120px;height:120px\"><a href=\"https:\/\/foxmind.com\/wp-content\/uploads\/2019\/09\/clac-mots-foxmind_00.png\" target=\"_blank\" title=\"clac-mots-foxmind_00\"><img loading=\"lazy\" decoding=\"async\" src=\"https:\/\/foxmind.com\/wp-content\/uploads\/2019\/09\/clac-mots-foxmind_00-120x120.png\" alt=\"clac-mots-foxmind_00\" width=\"120\" height=\"120\" \/><span class=\"su-custom-gallery-title\">clac-mots-foxmind_00<\/span><\/a><\/div><div class=\"su-custom-gallery-slide\" style=\"width:120px;height:120px\"><a href=\"https:\/\/foxmind.com\/wp-content\/uploads\/2019\/09\/clac-bluff-foxmind_00-1.png\" target=\"_blank\" title=\"clac-bluff-foxmind_00\"><img loading=\"lazy\" decoding=\"async\" src=\"https:\/\/foxmind.com\/wp-content\/uploads\/2019\/09\/clac-bluff-foxmind_00-1-120x120.png\" alt=\"clac-bluff-foxmind_00\" width=\"120\" height=\"120\" \/><span class=\"su-custom-gallery-title\">clac-bluff-foxmind_00<\/span><\/a><\/div><div class=\"su-clear\"><\/div><\/div>\n<div class=\"su-custom-gallery su-custom-gallery-align-center su-custom-gallery-title-hover Widyka su-lightbox-gallery\"><div class=\"su-custom-gallery-slide\" style=\"width:120px;height:120px\"><a href=\"https:\/\/foxmind.com\/wp-content\/uploads\/2024\/05\/nine_00.png\" target=\"_blank\" title=\"nine_00\"><img loading=\"lazy\" decoding=\"async\" src=\"https:\/\/foxmind.com\/wp-content\/uploads\/2024\/05\/nine_00-120x120.png\" alt=\"nine_00\" width=\"120\" height=\"120\" \/><span class=\"su-custom-gallery-title\">nine_00<\/span><\/a><\/div><div class=\"su-custom-gallery-slide\" style=\"width:120px;height:120px\"><a href=\"https:\/\/foxmind.com\/wp-content\/uploads\/2024\/05\/because-potatoes_00.png\" target=\"_blank\" title=\"because-potatoes_00\"><img loading=\"lazy\" decoding=\"async\" src=\"https:\/\/foxmind.com\/wp-content\/uploads\/2024\/05\/because-potatoes_00-120x120.png\" alt=\"because-potatoes_00\" width=\"120\" height=\"120\" \/><span class=\"su-custom-gallery-title\">because-potatoes_00<\/span><\/a><\/div><div class=\"su-custom-gallery-slide\" style=\"width:120px;height:120px\"><a href=\"https:\/\/foxmind.com\/wp-content\/uploads\/2024\/02\/animooz-foxmind_00.png\" target=\"_blank\" title=\"animooz-foxmind_00\"><img loading=\"lazy\" decoding=\"async\" src=\"https:\/\/foxmind.com\/wp-content\/uploads\/2024\/02\/animooz-foxmind_00-120x120.png\" alt=\"animooz-foxmind_00\" width=\"120\" height=\"120\" \/><span class=\"su-custom-gallery-title\">animooz-foxmind_00<\/span><\/a><\/div><div class=\"su-custom-gallery-slide\" style=\"width:120px;height:120px\"><a href=\"https:\/\/foxmind.com\/wp-content\/uploads\/2023\/10\/triplettcacahouet-foxmind_00.png\" target=\"_blank\" title=\"triplettcacahouet-foxmind_00\"><img loading=\"lazy\" decoding=\"async\" src=\"https:\/\/foxmind.com\/wp-content\/uploads\/2023\/10\/triplettcacahouet-foxmind_00-120x120.png\" alt=\"triplettcacahouet-foxmind_00\" width=\"120\" height=\"120\" \/><span class=\"su-custom-gallery-title\">triplettcacahouet-foxmind_00<\/span><\/a><\/div><div class=\"su-custom-gallery-slide\" style=\"width:120px;height:120px\"><a href=\"https:\/\/foxmind.com\/wp-content\/uploads\/2023\/10\/Les-Pattes-a-Pouf-foxmind_00.png\" target=\"_blank\" title=\"Les-Pattes-a-Pouf-foxmind_00\"><img loading=\"lazy\" decoding=\"async\" src=\"https:\/\/foxmind.com\/wp-content\/uploads\/2023\/10\/Les-Pattes-a-Pouf-foxmind_00-120x120.png\" alt=\"Les-Pattes-a-Pouf-foxmind_00\" width=\"120\" height=\"120\" \/><span class=\"su-custom-gallery-title\">Les-Pattes-a-Pouf-foxmind_00<\/span><\/a><\/div><div class=\"su-clear\"><\/div><\/div>\n<div class=\"su-custom-gallery su-custom-gallery-align-center su-custom-gallery-title-hover tintouin chickadoo worms DRC Renard su-lightbox-gallery\"><div class=\"su-custom-gallery-slide\" style=\"width:120px;height:120px\"><a href=\"https:\/\/foxmind.com\/wp-content\/uploads\/2024\/06\/tintouin-foxmind_00-1.png\" target=\"_blank\" title=\"tintouin-foxmind_00\"><img loading=\"lazy\" decoding=\"async\" src=\"https:\/\/foxmind.com\/wp-content\/uploads\/2024\/06\/tintouin-foxmind_00-1-120x120.png\" alt=\"tintouin-foxmind_00\" width=\"120\" height=\"120\" \/><span class=\"su-custom-gallery-title\">tintouin-foxmind_00<\/span><\/a><\/div><div class=\"su-custom-gallery-slide\" style=\"width:120px;height:120px\"><a href=\"https:\/\/foxmind.com\/wp-content\/uploads\/2024\/02\/chickadoo-foxmind_00.png\" target=\"_blank\" title=\"chickadoo-foxmind_00\"><img loading=\"lazy\" decoding=\"async\" src=\"https:\/\/foxmind.com\/wp-content\/uploads\/2024\/02\/chickadoo-foxmind_00-120x120.png\" alt=\"chickadoo-foxmind_00\" width=\"120\" height=\"120\" \/><span class=\"su-custom-gallery-title\">chickadoo-foxmind_00<\/span><\/a><\/div><div class=\"su-custom-gallery-slide\" style=\"width:120px;height:120px\"><a href=\"https:\/\/foxmind.com\/wp-content\/uploads\/2023\/10\/can-of-worms-foxmind_00.png\" target=\"_blank\" title=\"can-of-worms-foxmind_00\"><img loading=\"lazy\" decoding=\"async\" src=\"https:\/\/foxmind.com\/wp-content\/uploads\/2023\/10\/can-of-worms-foxmind_00-120x120.png\" alt=\"can-of-worms-foxmind_00\" width=\"120\" height=\"120\" \/><span class=\"su-custom-gallery-title\">can-of-worms-foxmind_00<\/span><\/a><\/div><div class=\"su-custom-gallery-slide\" style=\"width:120px;height:120px\"><a href=\"https:\/\/foxmind.com\/wp-content\/uploads\/2019\/10\/dont-rock-the-croc-foxmind_00.png\" target=\"_blank\" title=\"dont-rock-the-croc-foxmind_00\"><img loading=\"lazy\" decoding=\"async\" src=\"https:\/\/foxmind.com\/wp-content\/uploads\/2019\/10\/dont-rock-the-croc-foxmind_00-120x120.png\" alt=\"dont-rock-the-croc-foxmind_00\" width=\"120\" height=\"120\" \/><span class=\"su-custom-gallery-title\">dont-rock-the-croc-foxmind_00<\/span><\/a><\/div><div class=\"su-custom-gallery-slide\" style=\"width:120px;height:120px\"><a href=\"https:\/\/foxmind.com\/wp-content\/uploads\/2024\/08\/nom-dun-renard_00.png\" target=\"_blank\" title=\"nom-dun-renard_00\"><img loading=\"lazy\" decoding=\"async\" src=\"https:\/\/foxmind.com\/wp-content\/uploads\/2024\/08\/nom-dun-renard_00-120x120.png\" alt=\"nom-dun-renard_00\" width=\"120\" height=\"120\" \/><span class=\"su-custom-gallery-title\">nom-dun-renard_00<\/span><\/a><\/div><div class=\"su-clear\"><\/div><\/div>\n<div class=\"su-custom-gallery su-custom-gallery-align-center su-custom-gallery-title-hover MemoRush MarbleGarble BlastTrack su-lightbox-gallery\"><div class=\"su-custom-gallery-slide\" style=\"width:120px;height:120px\"><a href=\"https:\/\/foxmind.com\/wp-content\/uploads\/2023\/10\/memo-rush_00.png\" target=\"_blank\" title=\"memo-rush_00\"><img loading=\"lazy\" decoding=\"async\" src=\"https:\/\/foxmind.com\/wp-content\/uploads\/2023\/10\/memo-rush_00-120x120.png\" alt=\"memo-rush_00\" width=\"120\" height=\"120\" \/><span class=\"su-custom-gallery-title\">memo-rush_00<\/span><\/a><\/div><div class=\"su-custom-gallery-slide\" style=\"width:120px;height:120px\"><a href=\"https:\/\/foxmind.com\/wp-content\/uploads\/2023\/03\/marblegarble-foxmind_00.png\" target=\"_blank\" title=\"marblegarble-foxmind_00\"><img loading=\"lazy\" decoding=\"async\" src=\"https:\/\/foxmind.com\/wp-content\/uploads\/2023\/03\/marblegarble-foxmind_00-120x120.png\" alt=\"marblegarble-foxmind_00\" width=\"120\" height=\"120\" \/><span class=\"su-custom-gallery-title\">marblegarble-foxmind_00<\/span><\/a><\/div><div class=\"su-custom-gallery-slide\" style=\"width:120px;height:120px\"><a href=\"https:\/\/foxmind.com\/wp-content\/uploads\/2024\/03\/blast-track-foxmind_00.png\" target=\"_blank\" title=\"blast-track-foxmind_00\"><img loading=\"lazy\" decoding=\"async\" src=\"https:\/\/foxmind.com\/wp-content\/uploads\/2024\/03\/blast-track-foxmind_00-120x120.png\" alt=\"blast-track-foxmind_00\" width=\"120\" height=\"120\" \/><span class=\"su-custom-gallery-title\">blast-track-foxmind_00<\/span><\/a><\/div><div class=\"su-clear\"><\/div><\/div>\n<div class=\"su-spacer\" style=\"height:20px\"><\/div>\n<div class=\"su-row\"><\/div>\n<h3><span style=\"color: #00ccff;\">Fiches de vente<\/span><\/h3>\n<div class=\"su-row\"><\/div>\n<p><a href=\"https:\/\/foxmind.com\/wp-content\/uploads\/2024\/11\/FM_ClacMots_Sellsheet_FR_2024_Web.pdf\">FM_ClacMots_Sellsheet_FR_2024_Web<\/a><\/p>\n<div class=\"su-row\"><\/div>\n<p><a href=\"https:\/\/foxmind.com\/wp-content\/uploads\/2024\/11\/MZR_FicheProduit_2017.pdf\">MZR_FicheProduit_2017<\/a><\/p>\n<div class=\"su-row\"><\/div>\n<p><a href=\"https:\/\/foxmind.com\/wp-content\/uploads\/2024\/11\/FM_BermudaPirates_SellSheet_FR_2020.pdf\">FM_BermudaPirates_SellSheet_FR_2020<\/a><\/p>\n<div class=\"su-row\"><\/div>\n<p><a href=\"https:\/\/foxmind.com\/wp-content\/uploads\/2020\/04\/FM_MatchMadnessExtreme_SellSheet_FR.pdf\">FM_MatchMadnessExtreme_SellSheet_FR<\/a><\/p>\n<div class=\"su-row\"><\/div>\n<p><a href=\"https:\/\/foxmind.com\/wp-content\/uploads\/2024\/11\/FM_Chickadoo_Sellsheet_FR_2024_Web.pdf\">FM_Chickadoo_Sellsheet_FR_2024_Web<\/a><\/p>\n<div class=\"su-row\"><\/div>\n<p><a href=\"https:\/\/foxmind.com\/wp-content\/uploads\/2024\/11\/FM_PiqueMots_Sellsheet.pdf\">FM_PiqueMots_Sellsheet<\/a><\/p>\n<div class=\"su-row\"><\/div>\n<p><a href=\"https:\/\/foxmind.com\/wp-content\/uploads\/2024\/11\/ThePotion_SellSheet_FR.pdf\">ThePotion_SellSheet_FR<\/a><\/p>\n<div class=\"su-row\"><\/div>\n<p><a href=\"https:\/\/foxmind.com\/wp-content\/uploads\/2024\/11\/BaseballDice_FicheProduit.pdf\">BaseballDice_FicheProduit<\/a><\/p>\n<div class=\"su-row\"><\/div>\n<p><a href=\"https:\/\/foxmind.com\/wp-content\/uploads\/2024\/11\/FM_SportsDice-Hockey_Sellsheet_2024_FR_Web.pdf\">FM_SportsDice-Hockey_Sellsheet_2024_FR_Web<\/a><\/p>\n<div class=\"su-row\"><\/div>\n<p>&nbsp;<\/p>\n<p><a href=\"https:\/\/foxmind.com\/wp-content\/uploads\/2024\/11\/Les-petits-pompiers.pdf\">Les petits pompiers<\/a><\/p>\n<div class=\"su-row\"><\/div>\n<p><a href=\"https:\/\/foxmind.com\/wp-content\/uploads\/2019\/09\/Quirkies_SellSheet_FR.pdf\">Quirkies_SellSheet_FR<\/a><\/p>\n<div class=\"su-row\"><\/div>\n<p><a href=\"https:\/\/foxmind.com\/wp-content\/uploads\/2024\/11\/FM_Kabammm_SellSheet_FR.pdf\">FM_Kabammm_SellSheet_FR<\/a><\/p>\n<div class=\"su-row\"><\/div>\n<p><a href=\"https:\/\/foxmind.com\/wp-content\/uploads\/2024\/11\/Zoologic_FR.pdf\">Zoologic_FR<\/a><\/p>\n<div class=\"su-spacer\" style=\"height:20px\"><\/div>\n<p>&nbsp;<\/p>\n","protected":false},"excerpt":{"rendered":"<p>Cette section vous donne un acc\u00e8s exclusif \u00e0 notre banque d&rsquo;images, nos fiches de vente et nos livrets de r\u00e8gles. Ces documents sont la propri\u00e9t\u00e9 de FoxMind et peuvent servir pour la mise en valeur de nos produits en ligne et en boutique. Pour toute autre requ\u00eate de contenu promotionnel, veuillez contacter graphics1@foxmind.com . Banque [&hellip;]<\/p>\n","protected":false},"author":1,"featured_media":0,"parent":0,"menu_order":0,"comment_status":"closed","ping_status":"closed","template":"","meta":{"_acf_changed":false,"footnotes":""},"class_list":["post-11250","page","type-page","status-publish","hentry"],"acf":[],"_links":{"self":[{"href":"https:\/\/foxmind.com\/fr\/wp-json\/wp\/v2\/pages\/11250","targetHints":{"allow":["GET"]}}],"collection":[{"href":"https:\/\/foxmind.com\/fr\/wp-json\/wp\/v2\/pages"}],"about":[{"href":"https:\/\/foxmind.com\/fr\/wp-json\/wp\/v2\/types\/page"}],"author":[{"embeddable":true,"href":"https:\/\/foxmind.com\/fr\/wp-json\/wp\/v2\/users\/1"}],"replies":[{"embeddable":true,"href":"https:\/\/foxmind.com\/fr\/wp-json\/wp\/v2\/comments?post=11250"}],"version-history":[{"count":5,"href":"https:\/\/foxmind.com\/fr\/wp-json\/wp\/v2\/pages\/11250\/revisions"}],"predecessor-version":[{"id":11317,"href":"https:\/\/foxmind.com\/fr\/wp-json\/wp\/v2\/pages\/11250\/revisions\/11317"}],"wp:attachment":[{"href":"https:\/\/foxmind.com\/fr\/wp-json\/wp\/v2\/media?parent=11250"}],"curies":[{"name":"wp","href":"https:\/\/api.w.org\/{rel}","templated":true}]}}