{"id":10661,"date":"2023-03-14T16:37:50","date_gmt":"2023-03-14T20:37:50","guid":{"rendered":"https:\/\/foxmind.com\/return-policy\/"},"modified":"2024-07-11T08:44:20","modified_gmt":"2024-07-11T12:44:20","slug":"politique-de-retour","status":"publish","type":"page","link":"https:\/\/foxmind.com\/fr\/politique-de-retour\/","title":{"rendered":"Politique de retour"},"content":{"rendered":"<h2 style=\"text-align: center;\">Politique de retour des Entreprises FoxMind Canada Lt\u00e9e.<\/h2>\n<h3 style=\"text-align: center;\">Retours accept\u00e9s par FoxMind Canada<\/h3>\n<p><strong>Retour des articles non ouverts :<\/strong> Nous acceptons les retours d&rsquo;articles neufs et non ouverts dans les 30 jours suivant l&rsquo;achat, \u00e0 condition que vous ayez un re\u00e7u ou une preuve d&rsquo;achat. Seuls les articles au prix r\u00e9gulier peuvent \u00eatre rembours\u00e9s ; les articles en solde ne sont pas remboursables. Veuillez noter que vous \u00eates responsable de tous les frais d&rsquo;exp\u00e9dition pour les articles retourn\u00e9s non endommag\u00e9s.<\/p>\n<p><strong>Remplacement ou envoi de pi\u00e8ces endommag\u00e9es ou manquantes :<\/strong> Si une partie d&rsquo;un produit est d\u00e9fectueuse, endommag\u00e9e ou manquante, veuillez nous contacter pour obtenir un remplacement. Si vous \u00eates \u00e9ligible pour un \u00e9change, nous enverrons un nouvel article \u00e0 l&rsquo;adresse d&rsquo;exp\u00e9dition d&rsquo;origine.<\/p>\n<p><strong>Exp\u00e9dition :<\/strong> Vous \u00eates responsable des frais d&rsquo;exp\u00e9dition associ\u00e9s au retour des articles non d\u00e9fectueux. Nous ne sommes pas responsables des pertes ou des dommages pendant le transport.<\/p>\n<p><strong>Adresse de retour :<\/strong><\/p>\n<p>Les Entreprises FoxMind Canada Lt\u00e9e.<br \/>\n5530 Saint-Patrick, Suite 1104,<br \/>\nMontr\u00e9al, Qu\u00e9bec, Canada, H4E 1A8.<\/p>\n<p>\u00c0 la r\u00e9ception et \u00e0 l&rsquo;inspection de votre article, nous vous informerons par courriel de votre \u00e9ligibilit\u00e9 au remboursement ou \u00e0 l&rsquo;\u00e9change. Les remboursements, le cas \u00e9ch\u00e9ant, seront effectu\u00e9s sur votre mode de paiement d&rsquo;origine dans un d\u00e9lai de 15 jours ouvrables.<\/p>\n<p><strong>Coordonn\u00e9es :<\/strong><\/p>\n<p>T\u00e9l\u00e9phone : +<a href=\"tel:15143697777p104\">1 (514) 369-7777 poste 104<\/a><\/p>\n<p>Courriel : <a href=\"mailto:info@foxmind.com\">info@foxmind.com<\/a><\/p>\n<p>Pour toute question suppl\u00e9mentaire, veuillez nous contacter en utilisant les informations fournies ci-dessus.<\/p>\n","protected":false},"excerpt":{"rendered":"<p>Politique de retour des Entreprises FoxMind Canada Lt\u00e9e. Retours accept\u00e9s par FoxMind Canada Retour des articles non ouverts : Nous acceptons les retours d&rsquo;articles neufs et non ouverts dans les 30 jours suivant l&rsquo;achat, \u00e0 condition que vous ayez un re\u00e7u ou une preuve d&rsquo;achat. Seuls les articles au prix r\u00e9gulier peuvent \u00eatre rembours\u00e9s ; [&hellip;]<\/p>\n","protected":false},"author":1,"featured_media":0,"parent":0,"menu_order":0,"comment_status":"closed","ping_status":"closed","template":"","meta":{"_acf_changed":false,"footnotes":""},"class_list":["post-10661","page","type-page","status-publish","hentry"],"acf":[],"_links":{"self":[{"href":"https:\/\/foxmind.com\/fr\/wp-json\/wp\/v2\/pages\/10661","targetHints":{"allow":["GET"]}}],"collection":[{"href":"https:\/\/foxmind.com\/fr\/wp-json\/wp\/v2\/pages"}],"about":[{"href":"https:\/\/foxmind.com\/fr\/wp-json\/wp\/v2\/types\/page"}],"author":[{"embeddable":true,"href":"https:\/\/foxmind.com\/fr\/wp-json\/wp\/v2\/users\/1"}],"replies":[{"embeddable":true,"href":"https:\/\/foxmind.com\/fr\/wp-json\/wp\/v2\/comments?post=10661"}],"version-history":[{"count":2,"href":"https:\/\/foxmind.com\/fr\/wp-json\/wp\/v2\/pages\/10661\/revisions"}],"predecessor-version":[{"id":10663,"href":"https:\/\/foxmind.com\/fr\/wp-json\/wp\/v2\/pages\/10661\/revisions\/10663"}],"wp:attachment":[{"href":"https:\/\/foxmind.com\/fr\/wp-json\/wp\/v2\/media?parent=10661"}],"curies":[{"name":"wp","href":"https:\/\/api.w.org\/{rel}","templated":true}]}}